{"id":854,"date":"2022-10-13T10:20:48","date_gmt":"2022-10-13T10:20:48","guid":{"rendered":"https:\/\/thehoneyofsweden.com\/?page_id=854"},"modified":"2025-08-26T23:05:30","modified_gmt":"2025-08-26T21:05:30","slug":"about-us%ef%bd%9c-the-honey-of-sweden","status":"publish","type":"page","link":"https:\/\/thehoneyofsweden.com\/sv\/about-us\uff5c-the-honey-of-sweden\/","title":{"rendered":"Om oss"},"content":{"rendered":"<div class=\"gb-container gb-container-eeca7ba8\"><div class=\"gb-inside-container\">\n<div class=\"gb-container gb-container-8ab73cc1\"><div class=\"gb-inside-container\">\n\n<figure class=\"gb-block-image gb-block-image-f6d1215c\"><img fetchpriority=\"high\" decoding=\"async\" width=\"1200\" height=\"600\" class=\"gb-image gb-image-f6d1215c\" src=\"https:\/\/thehoneyofsweden.com\/wp-content\/uploads\/mats-olofsson-med-signatur.jpg\" alt=\"\" title=\"mats-olofsson-med-signatur\" srcset=\"https:\/\/thehoneyofsweden.com\/wp-content\/uploads\/mats-olofsson-med-signatur.jpg 1200w, https:\/\/thehoneyofsweden.com\/wp-content\/uploads\/mats-olofsson-med-signatur-600x300.jpg 600w, https:\/\/thehoneyofsweden.com\/wp-content\/uploads\/mats-olofsson-med-signatur-300x150.jpg 300w, https:\/\/thehoneyofsweden.com\/wp-content\/uploads\/mats-olofsson-med-signatur-1024x512.jpg 1024w, https:\/\/thehoneyofsweden.com\/wp-content\/uploads\/mats-olofsson-med-signatur-768x384.jpg 768w\" sizes=\"(max-width: 1200px) 100vw, 1200px\" \/><\/figure>\n\n\n<div class=\"gb-container gb-container-f5c0a286\"><div class=\"gb-inside-container\">\n\n<p>Jag heter Mats Olofsson och \u00e4r grundare av Swedish Bee Company. Vi erbjuder svensk honung och andra produkter fr\u00e5n bikupan under varum\u00e4rket The Honey of Sweden. Jag har en examen fr\u00e5n Yrkesh\u00f6gskolan f\u00f6r biodling och ett Ges\u00e4llbrev i biodlaryrket. Jag har ocks\u00e5 utbildat mig inom \u00e4mnet honungssensorik f\u00f6r att utveckla min f\u00f6rm\u00e5ga att uppt\u00e4cka och beskriva olika smaker och dofter i honungen.<\/p>\n\n\n\n<p>Allt b\u00f6rjade med en id\u00e9 f\u00f6r n\u00e5gra \u00e5r sedan om att komma n\u00e4rmare naturen. Jag gick en kurs i biodling och blev fascinerad av hur bisamh\u00e4llet fungerar och vilken avg\u00f6rande roll bin spelar i naturen och f\u00f6r pollineringen. Biodling kan ge fantastiska naturupplevelser. Dessutom ger bin och natur oss den fantastiska produkten honung som verkligen \u00e4r f\u00e4rdig att \u00e4ta direkt fr\u00e5n bikupan.<\/p>\n\n\n\n<p>Tillsammans med v\u00e5ra bin producerar vi Svensk honung, THE HONEY OF SWEDEN. Vi samarbetar ocks\u00e5 med andra noga utvalda biodlare i Sverige f\u00f6r att hitta den b\u00e4sta honungen och f\u00f6r att kunna erbjuda honung fr\u00e5n olika delar av Sverige.<\/p>\n\n\n\n<p>V\u00e5ra bin \u00e4r placerade i glesbefolkade delar av Sverige i ett varierat landskap best\u00e5ende av skog, \u00e4ng och utspridda sm\u00e5jordbruk. Varje sk\u00f6rd \u00e4r unik och har olika f\u00e4rg, smak och konsistens. \u00c4ven bisamh\u00e4llen som st\u00e5r p\u00e5 samma plats \u00e5r efter \u00e5r ger olika typ av honung eftersom v\u00e4dret just d\u00e5 p\u00e5verkar blomningen.  Smaken av honung \u00e4r verkligen smaken av en plats. Vi s\u00e4tter en \u00e4ra i l\u00e5ta att naturen ta den tid den beh\u00f6ver och att l\u00e5ta bina g\u00f6ra sitt jobb, s\u00e5 som de har gjort det i miljontals \u00e5r, innan vi sk\u00f6rdar honungen. Honung ska mogna. Det \u00e4r slow tech, och vi kallar det slow honey.<\/p>\n\n\n\n<blockquote class=\"wp-block-quote is-style-default is-layout-flow wp-block-quote-is-layout-flow\" style=\"font-size:18px\">\n<p>T\u00e4nk dig en sen kv\u00e4ll i slutet p\u00e5 maj.<\/p>\n\n\n\n<p>Allt i naturen v\u00e4xer s\u00e5 du kan se och h\u00f6ra det.<\/p>\n\n\n\n<p>Det \u00e4r ljust, kv\u00e4llen \u00e4r ljum och du st\u00e5r d\u00e4r och tittar p\u00e5 bina som flyger och h\u00e4mtar nektar.<\/p>\n\n\n\n<p>Samtidigt utf\u00f6r bina en viktig ekosystemtj\u00e4nst som vi alla har nytta- och \u00e4r beroende av. Sagolikt vackert. Det \u00e4r d\u00e4rf\u00f6r jag \u00e4r biodlare.<\/p>\n<\/blockquote>\n\n<\/div><\/div>\n<\/div><\/div>\n<\/div><\/div>\n\n<div class=\"gb-container gb-container-2fbd8aad\"><div class=\"gb-inside-container\">\n\n<div style=\"padding:56.25% 0 0 0;position:relative;\"><iframe src=\"https:\/\/player.vimeo.com\/video\/794417763?h=d8702b955c&amp;badge=0&amp;autopause=0&amp;player_id=0&amp;app_id=58479\" frameborder=\"0\" allow=\"autoplay; fullscreen; picture-in-picture\" allowfullscreen=\"\" style=\"position:absolute;top:0;left:0;width:100%;height:100%;\" title=\"about the honey of sweden\"><\/iframe><\/div><script src=\"https:\/\/player.vimeo.com\/api\/player.js\"><\/script>\n\n\n<div class=\"gb-container gb-container-b6b9931a\"><div class=\"gb-inside-container\">\n<div class=\"gb-container gb-container-f5d96236\"><div class=\"gb-inside-container\">\n<div class=\"gb-grid-wrapper gb-grid-wrapper-6c02d9a4\">\n<div class=\"gb-grid-column gb-grid-column-68788ef2\"><div class=\"gb-container gb-container-68788ef2\"><div class=\"gb-inside-container\"><\/div><\/div><\/div>\n\n<div class=\"gb-grid-column gb-grid-column-f4956db6\"><div class=\"gb-container gb-container-f4956db6\"><div class=\"gb-inside-container\">\n\n<p>Vi producerar ren svensk honung. Vi samarbetar ocks\u00e5 med andra noga utvalda biodlare i Sverige f\u00f6r att hitta den b\u00e4sta honungen och kan d\u00e4rf\u00f6r erbjuda olika typer av svensk honung.<\/p>\n\n\n<div class=\"gb-button-wrapper gb-button-wrapper-85ffcf47\">\n\n<a class=\"gb-button gb-button-5fd250f2 gb-button-text\" href=\"https:\/\/thehoneyofsweden.com\/sv\/products\/\">V\u00c5R HONUNG<\/a>\n\n<\/div>\n<\/div><\/div><\/div>\n<\/div>\n<\/div><\/div>\n<\/div><\/div>\n<\/div><\/div>\n\n<div class=\"gb-container gb-container-32db31c4 gb-container-dark-blue-container\"><div class=\"gb-inside-container\">\n<div class=\"gb-grid-wrapper gb-grid-wrapper-13fa9702\">\n<div class=\"gb-grid-column gb-grid-column-b31b1a93\"><div class=\"gb-container gb-container-b31b1a93\"><div class=\"gb-inside-container\">\n\n<figure class=\"gb-block-image gb-block-image-d72ba12b\"><img decoding=\"async\" width=\"300\" height=\"188\" class=\"gb-image gb-image-d72ba12b\" src=\"https:\/\/thehoneyofsweden.com\/wp-content\/uploads\/swedish-flag.png\" alt=\"\" title=\"swedish-flag\"\/><\/figure>\n\n<\/div><\/div><\/div>\n\n<div class=\"gb-grid-column gb-grid-column-82065a7b\"><div class=\"gb-container gb-container-82065a7b\"><div class=\"gb-inside-container\">\n\n<figure class=\"gb-block-image gb-block-image-a8940ea5\"><img decoding=\"async\" width=\"300\" height=\"200\" class=\"gb-image gb-image-a8940ea5\" src=\"https:\/\/thehoneyofsweden.com\/wp-content\/uploads\/eu-flag.jpeg\" alt=\"\" title=\"eu-flag\"\/><\/figure>\n\n<\/div><\/div><\/div>\n\n<div class=\"gb-grid-column gb-grid-column-083ff28b\"><div class=\"gb-container gb-container-083ff28b\"><div class=\"gb-inside-container\"><\/div><\/div><\/div>\n<\/div>\n<\/div><\/div>","protected":false},"excerpt":{"rendered":"<p>My name is Mats Olofsson and I am the founder and CEO of Swedish Bee Company. I have an exam from a Higher Vocational College of Professional Beekeeping and a journeyman\u2019s certificate in the profession of beekeeping. It all started with an idea to get closer to nature. I took a class in beekeeping and &#8230; <a title=\"Om oss\" class=\"read-more\" href=\"https:\/\/thehoneyofsweden.com\/sv\/about-us\uff5c-the-honey-of-sweden\/\" aria-label=\"L\u00e4s mer om About us\">L\u00e4s mer<\/a><\/p>","protected":false},"author":2,"featured_media":0,"parent":0,"menu_order":0,"comment_status":"closed","ping_status":"closed","template":"","meta":{"footnotes":""},"class_list":["post-854","page","type-page","status-publish"],"acf":[],"yoast_head":"<!-- This site is optimized with the Yoast SEO plugin v27.1.1 - https:\/\/yoast.com\/product\/yoast-seo-wordpress\/ -->\n<title>About us - The Honey Of Sweden<\/title>\n<meta name=\"description\" content=\"Swedish Bee Company produces the highest quality honey while co-existing with nature. Founder Mats Olofsson talks about the beautiful nature of Sweden, the relationship with bees, and the philosophy of &#039;slow tech&#039;.\" \/>\n<meta name=\"robots\" content=\"index, follow, max-snippet:-1, max-image-preview:large, max-video-preview:-1\" \/>\n<link rel=\"canonical\" href=\"https:\/\/thehoneyofsweden.com\/sv\/about-us\uff5c-the-honey-of-sweden\/\" \/>\n<meta property=\"og:locale\" content=\"sv_SE\" \/>\n<meta property=\"og:type\" content=\"article\" \/>\n<meta property=\"og:title\" content=\"About us - The Honey Of Sweden\" \/>\n<meta property=\"og:description\" content=\"Swedish Bee Company produces the highest quality honey while co-existing with nature. Founder Mats Olofsson talks about the beautiful nature of Sweden, the relationship with bees, and the philosophy of &#039;slow tech&#039;.\" \/>\n<meta property=\"og:url\" content=\"https:\/\/thehoneyofsweden.com\/sv\/about-us\uff5c-the-honey-of-sweden\/\" \/>\n<meta property=\"og:site_name\" content=\"The Honey Of Sweden\" \/>\n<meta property=\"article:modified_time\" content=\"2025-08-26T21:05:30+00:00\" \/>\n<meta property=\"og:image\" content=\"https:\/\/thehoneyofsweden.com\/wp-content\/uploads\/mats-olofsson-med-signatur.jpg\" \/>\n<meta name=\"twitter:card\" content=\"summary_large_image\" \/>\n<meta name=\"twitter:label1\" content=\"Ber\u00e4knad l\u00e4stid\" \/>\n\t<meta name=\"twitter:data1\" content=\"2 minuter\" \/>\n<script type=\"application\/ld+json\" class=\"yoast-schema-graph\">{\"@context\":\"https:\/\/schema.org\",\"@graph\":[{\"@type\":\"WebPage\",\"@id\":\"https:\/\/thehoneyofsweden.com\/about-us%ef%bd%9c-the-honey-of-sweden\/\",\"url\":\"https:\/\/thehoneyofsweden.com\/about-us%ef%bd%9c-the-honey-of-sweden\/\",\"name\":\"About us - The Honey Of Sweden\",\"isPartOf\":{\"@id\":\"https:\/\/thehoneyofsweden.com\/sv\/#website\"},\"primaryImageOfPage\":{\"@id\":\"https:\/\/thehoneyofsweden.com\/about-us%ef%bd%9c-the-honey-of-sweden\/#primaryimage\"},\"image\":{\"@id\":\"https:\/\/thehoneyofsweden.com\/about-us%ef%bd%9c-the-honey-of-sweden\/#primaryimage\"},\"thumbnailUrl\":\"https:\/\/thehoneyofsweden.com\/wp-content\/uploads\/mats-olofsson-med-signatur.jpg\",\"datePublished\":\"2022-10-13T10:20:48+00:00\",\"dateModified\":\"2025-08-26T21:05:30+00:00\",\"description\":\"Swedish Bee Company produces the highest quality honey while co-existing with nature. Founder Mats Olofsson talks about the beautiful nature of Sweden, the relationship with bees, and the philosophy of 'slow tech'.\",\"breadcrumb\":{\"@id\":\"https:\/\/thehoneyofsweden.com\/about-us%ef%bd%9c-the-honey-of-sweden\/#breadcrumb\"},\"inLanguage\":\"sv-SE\",\"potentialAction\":[{\"@type\":\"ReadAction\",\"target\":[\"https:\/\/thehoneyofsweden.com\/about-us%ef%bd%9c-the-honey-of-sweden\/\"]}]},{\"@type\":\"ImageObject\",\"inLanguage\":\"sv-SE\",\"@id\":\"https:\/\/thehoneyofsweden.com\/about-us%ef%bd%9c-the-honey-of-sweden\/#primaryimage\",\"url\":\"https:\/\/thehoneyofsweden.com\/wp-content\/uploads\/mats-olofsson-med-signatur.jpg\",\"contentUrl\":\"https:\/\/thehoneyofsweden.com\/wp-content\/uploads\/mats-olofsson-med-signatur.jpg\"},{\"@type\":\"BreadcrumbList\",\"@id\":\"https:\/\/thehoneyofsweden.com\/about-us%ef%bd%9c-the-honey-of-sweden\/#breadcrumb\",\"itemListElement\":[{\"@type\":\"ListItem\",\"position\":1,\"name\":\"Home\",\"item\":\"https:\/\/thehoneyofsweden.com\/\"},{\"@type\":\"ListItem\",\"position\":2,\"name\":\"About us\"}]},{\"@type\":\"WebSite\",\"@id\":\"https:\/\/thehoneyofsweden.com\/sv\/#website\",\"url\":\"https:\/\/thehoneyofsweden.com\/sv\/\",\"name\":\"The Honey Of Sweden\",\"description\":\"Finest Quality Honey\",\"publisher\":{\"@id\":\"https:\/\/thehoneyofsweden.com\/sv\/#organization\"},\"potentialAction\":[{\"@type\":\"SearchAction\",\"target\":{\"@type\":\"EntryPoint\",\"urlTemplate\":\"https:\/\/thehoneyofsweden.com\/sv\/?s={search_term_string}\"},\"query-input\":{\"@type\":\"PropertyValueSpecification\",\"valueRequired\":true,\"valueName\":\"search_term_string\"}}],\"inLanguage\":\"sv-SE\"},{\"@type\":\"Organization\",\"@id\":\"https:\/\/thehoneyofsweden.com\/sv\/#organization\",\"name\":\"The Honey Of Sweden\",\"url\":\"https:\/\/thehoneyofsweden.com\/sv\/\",\"logo\":{\"@type\":\"ImageObject\",\"inLanguage\":\"sv-SE\",\"@id\":\"https:\/\/thehoneyofsweden.com\/sv\/#\/schema\/logo\/image\/\",\"url\":\"https:\/\/thehoneyofsweden.com\/wp-content\/uploads\/the-honey-of-sweden-logo-centered.png\",\"contentUrl\":\"https:\/\/thehoneyofsweden.com\/wp-content\/uploads\/the-honey-of-sweden-logo-centered.png\",\"width\":950,\"height\":624,\"caption\":\"The Honey Of Sweden\"},\"image\":{\"@id\":\"https:\/\/thehoneyofsweden.com\/sv\/#\/schema\/logo\/image\/\"},\"sameAs\":[\"https:\/\/www.instagram.com\/thehoneyofsweden\/\"]}]}<\/script>\n<!-- \/ Yoast SEO plugin. -->","yoast_head_json":{"title":"About us - The Honey Of Sweden","description":"Swedish Bee Company produces the highest quality honey while co-existing with nature. Founder Mats Olofsson talks about the beautiful nature of Sweden, the relationship with bees, and the philosophy of 'slow tech'.","robots":{"index":"index","follow":"follow","max-snippet":"max-snippet:-1","max-image-preview":"max-image-preview:large","max-video-preview":"max-video-preview:-1"},"canonical":"https:\/\/thehoneyofsweden.com\/sv\/about-us\uff5c-the-honey-of-sweden\/","og_locale":"sv_SE","og_type":"article","og_title":"About us - The Honey Of Sweden","og_description":"Swedish Bee Company produces the highest quality honey while co-existing with nature. Founder Mats Olofsson talks about the beautiful nature of Sweden, the relationship with bees, and the philosophy of 'slow tech'.","og_url":"https:\/\/thehoneyofsweden.com\/sv\/about-us\uff5c-the-honey-of-sweden\/","og_site_name":"The Honey Of Sweden","article_modified_time":"2025-08-26T21:05:30+00:00","og_image":[{"url":"https:\/\/thehoneyofsweden.com\/wp-content\/uploads\/mats-olofsson-med-signatur.jpg","type":"","width":"","height":""}],"twitter_card":"summary_large_image","twitter_misc":{"Ber\u00e4knad l\u00e4stid":"2 minuter"},"schema":{"@context":"https:\/\/schema.org","@graph":[{"@type":"WebPage","@id":"https:\/\/thehoneyofsweden.com\/about-us%ef%bd%9c-the-honey-of-sweden\/","url":"https:\/\/thehoneyofsweden.com\/about-us%ef%bd%9c-the-honey-of-sweden\/","name":"About us - The Honey Of Sweden","isPartOf":{"@id":"https:\/\/thehoneyofsweden.com\/sv\/#website"},"primaryImageOfPage":{"@id":"https:\/\/thehoneyofsweden.com\/about-us%ef%bd%9c-the-honey-of-sweden\/#primaryimage"},"image":{"@id":"https:\/\/thehoneyofsweden.com\/about-us%ef%bd%9c-the-honey-of-sweden\/#primaryimage"},"thumbnailUrl":"https:\/\/thehoneyofsweden.com\/wp-content\/uploads\/mats-olofsson-med-signatur.jpg","datePublished":"2022-10-13T10:20:48+00:00","dateModified":"2025-08-26T21:05:30+00:00","description":"Swedish Bee Company produces the highest quality honey while co-existing with nature. Founder Mats Olofsson talks about the beautiful nature of Sweden, the relationship with bees, and the philosophy of 'slow tech'.","breadcrumb":{"@id":"https:\/\/thehoneyofsweden.com\/about-us%ef%bd%9c-the-honey-of-sweden\/#breadcrumb"},"inLanguage":"sv-SE","potentialAction":[{"@type":"ReadAction","target":["https:\/\/thehoneyofsweden.com\/about-us%ef%bd%9c-the-honey-of-sweden\/"]}]},{"@type":"ImageObject","inLanguage":"sv-SE","@id":"https:\/\/thehoneyofsweden.com\/about-us%ef%bd%9c-the-honey-of-sweden\/#primaryimage","url":"https:\/\/thehoneyofsweden.com\/wp-content\/uploads\/mats-olofsson-med-signatur.jpg","contentUrl":"https:\/\/thehoneyofsweden.com\/wp-content\/uploads\/mats-olofsson-med-signatur.jpg"},{"@type":"BreadcrumbList","@id":"https:\/\/thehoneyofsweden.com\/about-us%ef%bd%9c-the-honey-of-sweden\/#breadcrumb","itemListElement":[{"@type":"ListItem","position":1,"name":"Home","item":"https:\/\/thehoneyofsweden.com\/"},{"@type":"ListItem","position":2,"name":"About us"}]},{"@type":"WebSite","@id":"https:\/\/thehoneyofsweden.com\/sv\/#website","url":"https:\/\/thehoneyofsweden.com\/sv\/","name":"The Honey Of Sweden","description":"Finest Quality Honey","publisher":{"@id":"https:\/\/thehoneyofsweden.com\/sv\/#organization"},"potentialAction":[{"@type":"SearchAction","target":{"@type":"EntryPoint","urlTemplate":"https:\/\/thehoneyofsweden.com\/sv\/?s={search_term_string}"},"query-input":{"@type":"PropertyValueSpecification","valueRequired":true,"valueName":"search_term_string"}}],"inLanguage":"sv-SE"},{"@type":"Organization","@id":"https:\/\/thehoneyofsweden.com\/sv\/#organization","name":"The Honey Of Sweden","url":"https:\/\/thehoneyofsweden.com\/sv\/","logo":{"@type":"ImageObject","inLanguage":"sv-SE","@id":"https:\/\/thehoneyofsweden.com\/sv\/#\/schema\/logo\/image\/","url":"https:\/\/thehoneyofsweden.com\/wp-content\/uploads\/the-honey-of-sweden-logo-centered.png","contentUrl":"https:\/\/thehoneyofsweden.com\/wp-content\/uploads\/the-honey-of-sweden-logo-centered.png","width":950,"height":624,"caption":"The Honey Of Sweden"},"image":{"@id":"https:\/\/thehoneyofsweden.com\/sv\/#\/schema\/logo\/image\/"},"sameAs":["https:\/\/www.instagram.com\/thehoneyofsweden\/"]}]}},"_links":{"self":[{"href":"https:\/\/thehoneyofsweden.com\/sv\/wp-json\/wp\/v2\/pages\/854","targetHints":{"allow":["GET"]}}],"collection":[{"href":"https:\/\/thehoneyofsweden.com\/sv\/wp-json\/wp\/v2\/pages"}],"about":[{"href":"https:\/\/thehoneyofsweden.com\/sv\/wp-json\/wp\/v2\/types\/page"}],"author":[{"embeddable":true,"href":"https:\/\/thehoneyofsweden.com\/sv\/wp-json\/wp\/v2\/users\/2"}],"replies":[{"embeddable":true,"href":"https:\/\/thehoneyofsweden.com\/sv\/wp-json\/wp\/v2\/comments?post=854"}],"version-history":[{"count":173,"href":"https:\/\/thehoneyofsweden.com\/sv\/wp-json\/wp\/v2\/pages\/854\/revisions"}],"predecessor-version":[{"id":8005,"href":"https:\/\/thehoneyofsweden.com\/sv\/wp-json\/wp\/v2\/pages\/854\/revisions\/8005"}],"wp:attachment":[{"href":"https:\/\/thehoneyofsweden.com\/sv\/wp-json\/wp\/v2\/media?parent=854"}],"curies":[{"name":"wp","href":"https:\/\/api.w.org\/{rel}","templated":true}]}}