{"id":3516,"date":"2024-03-24T16:40:01","date_gmt":"2024-03-24T15:40:01","guid":{"rendered":"https:\/\/thehoneyofsweden.com\/?page_id=3516"},"modified":"2024-03-24T16:40:34","modified_gmt":"2024-03-24T15:40:34","slug":"receptsamling-the-honey-of-sweden-5","status":"publish","type":"page","link":"https:\/\/thehoneyofsweden.com\/sv\/receptsamling-the-honey-of-sweden-5\/","title":{"rendered":"Pizza toppad med honung"},"content":{"rendered":"<p><\/p>\n\n\n\n<div class=\"wp-block-columns are-vertically-aligned-center is-layout-flex wp-container-core-columns-is-layout-9d6595d7 wp-block-columns-is-layout-flex\">\n<div class=\"wp-block-column is-vertically-aligned-center is-layout-flow wp-block-column-is-layout-flow\" style=\"flex-basis:100%\">\n<h2 class=\"wp-block-heading\">Pizza toppad med honung, svamp och ch\u00e8vre<\/h2>\n<\/div>\n<\/div>\n\n\n\n<div class=\"wp-block-media-text is-stacked-on-mobile\"><figure class=\"wp-block-media-text__media\"><img fetchpriority=\"high\" decoding=\"async\" width=\"1024\" height=\"1024\" src=\"https:\/\/thehoneyofsweden.com\/wp-content\/uploads\/Pizza-square-1500-x-1500-1024x1024.jpg\" alt=\"Pizza topped with honey\" class=\"wp-image-3508 size-full\" srcset=\"https:\/\/thehoneyofsweden.com\/wp-content\/uploads\/Pizza-square-1500-x-1500-1024x1024.jpg 1024w, https:\/\/thehoneyofsweden.com\/wp-content\/uploads\/Pizza-square-1500-x-1500-300x300.jpg 300w, https:\/\/thehoneyofsweden.com\/wp-content\/uploads\/Pizza-square-1500-x-1500-150x150.jpg 150w, https:\/\/thehoneyofsweden.com\/wp-content\/uploads\/Pizza-square-1500-x-1500-768x768.jpg 768w, https:\/\/thehoneyofsweden.com\/wp-content\/uploads\/Pizza-square-1500-x-1500-12x12.jpg 12w, https:\/\/thehoneyofsweden.com\/wp-content\/uploads\/Pizza-square-1500-x-1500-600x600.jpg 600w, https:\/\/thehoneyofsweden.com\/wp-content\/uploads\/Pizza-square-1500-x-1500-100x100.jpg 100w, https:\/\/thehoneyofsweden.com\/wp-content\/uploads\/Pizza-square-1500-x-1500.jpg 1500w\" sizes=\"(max-width: 1024px) 100vw, 1024px\" \/><\/figure><div class=\"wp-block-media-text__content\">\n<p>G\u00f6r dina egna supergoda pizzor med honung. <\/p>\n\n\n\n<p>Dessa har vi toppat med honung, svamp, ch\u00e8vre och gr\u00f6nk\u00e5l. Avsluta med<br>att ringla \u00f6ver lite honung innan servering!<\/p>\n\n\n\n<p><br>Port: 4 mindre pizzor<br>Tid: ca 2,5 timmar med j\u00e4sning<br>Ingredienser<br>Deg<br>6 dl vetemj\u00f6l<br>2 dl durumvetemj\u00f6l<br>14g (1 p\u00e5se) torrj\u00e4st<br>3 dl kallt vatten<br>2 tsk honung<br>1 tsk salt<br>2 msk olivolja<\/p>\n\n\n\n<p><br>Topping<br>250g svamp<br>200g ch\u00e8vre<br>2 dl cr\u00e9me fraiche<br>100g gr\u00f6nk\u00e5l<br>Valn\u00f6tter<br>Honung<\/p>\n\n\n\n<p><br>S\u00e5 h\u00e4r g\u00f6r du:<\/p>\n\n\n\n<ol class=\"wp-block-list\">\n<li>Blanda vetemj\u00f6l och durumvetemj\u00f6l med j\u00e4sten i en bunke. L\u00e5t vila 5 minuter.<\/li>\n\n\n\n<li>Blanda vatten, honung, salt och olivolja i en bunke, r\u00f6r tills allt l\u00f6st sig. Tills\u00e4tt mj\u00f6let lite i taget<br>och arbeta till en j\u00e4mn och smidig deg. L\u00e5t j\u00e4sa \u00f6vert\u00e4ckt ca 2 timmar.<\/li>\n\n\n\n<li>S\u00e4tt ugnen p\u00e5 250 grader. Skiva svampen och dela ch\u00e8vren i mindre bitar. Repa och riv av<br>gr\u00f6nk\u00e5len fr\u00e5n stj\u00e4lkarna. Blanda gr\u00f6nk\u00e5len med lite olivolja och salt i en sk\u00e5l.<\/li>\n\n\n\n<li>Dela degen i fyra delar. Kavla eller tryck ut till rundlar. Bred ut cr\u00e9me fraiche p\u00e5 botten. Toppa<br>med svamp och ch\u00e8vre. Gr\u00e4dda i ugnen ca 10 minuter. Ta ut och l\u00e4gg p\u00e5 gr\u00f6nk\u00e5l och<br>valn\u00f6tter. Gr\u00e4dda ytterligare ca 5 minuter. Ringla \u00f6ver lite honung precis innan servering.<\/li>\n<\/ol>\n\n\n<div class=\"gb-button-wrapper gb-button-wrapper-6b28283e\">\n\n<a class=\"gb-button gb-button-56a824ce gb-button-text\" href=\"https:\/\/thehoneyofsweden.com\/sv\/olika-typer-av-honung-fran-sveriges-natur-i-the-honey-of-sweden\/#\" target=\"_blank\" rel=\"noopener noreferrer\">K\u00f6p i honungsbutiken<\/a>\n\n<\/div><\/div><\/div>","protected":false},"excerpt":{"rendered":"<p>Pizza toppad med honung, svamp och ch\u00e8vre<\/p>","protected":false},"author":2,"featured_media":0,"parent":0,"menu_order":0,"comment_status":"closed","ping_status":"closed","template":"","meta":{"footnotes":""},"class_list":["post-3516","page","type-page","status-publish"],"acf":[],"yoast_head":"<!-- This site is optimized with the Yoast SEO plugin v27.1.1 - https:\/\/yoast.com\/product\/yoast-seo-wordpress\/ -->\n<title>Pizza toppad med honung - The Honey Of Sweden<\/title>\n<meta name=\"description\" content=\"Detta \u00e4r ett recept p\u00e5 pizza som toppas med honung. Honungen ger en fin smakbalans tillsammans med chevr\u00e9 som ocks\u00e5 anv\u00e4nds i receptet.\" \/>\n<meta name=\"robots\" content=\"index, follow, max-snippet:-1, max-image-preview:large, max-video-preview:-1\" \/>\n<link rel=\"canonical\" href=\"https:\/\/thehoneyofsweden.com\/sv\/receptsamling-the-honey-of-sweden-5\/\" \/>\n<meta property=\"og:locale\" content=\"sv_SE\" \/>\n<meta property=\"og:type\" content=\"article\" \/>\n<meta property=\"og:title\" content=\"Pizza toppad med honung - The Honey Of Sweden\" \/>\n<meta property=\"og:description\" content=\"Detta \u00e4r ett recept p\u00e5 pizza som toppas med honung. Honungen ger en fin smakbalans tillsammans med chevr\u00e9 som ocks\u00e5 anv\u00e4nds i receptet.\" \/>\n<meta property=\"og:url\" content=\"https:\/\/thehoneyofsweden.com\/sv\/receptsamling-the-honey-of-sweden-5\/\" \/>\n<meta property=\"og:site_name\" content=\"The Honey Of Sweden\" \/>\n<meta property=\"article:modified_time\" content=\"2024-03-24T15:40:34+00:00\" \/>\n<meta property=\"og:image\" content=\"https:\/\/thehoneyofsweden.com\/wp-content\/uploads\/Pizza-square-1500-x-1500-1024x1024.jpg\" \/>\n<meta name=\"twitter:card\" content=\"summary_large_image\" \/>\n<meta name=\"twitter:label1\" content=\"Ber\u00e4knad l\u00e4stid\" \/>\n\t<meta name=\"twitter:data1\" content=\"2 minuter\" \/>\n<script type=\"application\/ld+json\" class=\"yoast-schema-graph\">{\"@context\":\"https:\/\/schema.org\",\"@graph\":[{\"@type\":\"WebPage\",\"@id\":\"https:\/\/thehoneyofsweden.com\/pizza-toppad-med-honung\/\",\"url\":\"https:\/\/thehoneyofsweden.com\/pizza-toppad-med-honung\/\",\"name\":\"Pizza toppad med honung - The Honey Of Sweden\",\"isPartOf\":{\"@id\":\"https:\/\/thehoneyofsweden.com\/sv\/#website\"},\"primaryImageOfPage\":{\"@id\":\"https:\/\/thehoneyofsweden.com\/pizza-toppad-med-honung\/#primaryimage\"},\"image\":{\"@id\":\"https:\/\/thehoneyofsweden.com\/pizza-toppad-med-honung\/#primaryimage\"},\"thumbnailUrl\":\"https:\/\/thehoneyofsweden.com\/wp-content\/uploads\/Pizza-square-1500-x-1500-1024x1024.jpg\",\"datePublished\":\"2024-03-24T15:40:01+00:00\",\"dateModified\":\"2024-03-24T15:40:34+00:00\",\"description\":\"Detta \u00e4r ett recept p\u00e5 pizza som toppas med honung. Honungen ger en fin smakbalans tillsammans med chevr\u00e9 som ocks\u00e5 anv\u00e4nds i receptet.\",\"breadcrumb\":{\"@id\":\"https:\/\/thehoneyofsweden.com\/pizza-toppad-med-honung\/#breadcrumb\"},\"inLanguage\":\"sv-SE\",\"potentialAction\":[{\"@type\":\"ReadAction\",\"target\":[\"https:\/\/thehoneyofsweden.com\/pizza-toppad-med-honung\/\"]}]},{\"@type\":\"ImageObject\",\"inLanguage\":\"sv-SE\",\"@id\":\"https:\/\/thehoneyofsweden.com\/pizza-toppad-med-honung\/#primaryimage\",\"url\":\"https:\/\/thehoneyofsweden.com\/wp-content\/uploads\/Pizza-square-1500-x-1500-1024x1024.jpg\",\"contentUrl\":\"https:\/\/thehoneyofsweden.com\/wp-content\/uploads\/Pizza-square-1500-x-1500-1024x1024.jpg\"},{\"@type\":\"BreadcrumbList\",\"@id\":\"https:\/\/thehoneyofsweden.com\/pizza-toppad-med-honung\/#breadcrumb\",\"itemListElement\":[{\"@type\":\"ListItem\",\"position\":1,\"name\":\"Home\",\"item\":\"https:\/\/thehoneyofsweden.com\/\"},{\"@type\":\"ListItem\",\"position\":2,\"name\":\"Pizza toppad med honung\"}]},{\"@type\":\"WebSite\",\"@id\":\"https:\/\/thehoneyofsweden.com\/sv\/#website\",\"url\":\"https:\/\/thehoneyofsweden.com\/sv\/\",\"name\":\"The Honey Of Sweden\",\"description\":\"Finest Quality Honey\",\"publisher\":{\"@id\":\"https:\/\/thehoneyofsweden.com\/sv\/#organization\"},\"potentialAction\":[{\"@type\":\"SearchAction\",\"target\":{\"@type\":\"EntryPoint\",\"urlTemplate\":\"https:\/\/thehoneyofsweden.com\/sv\/?s={search_term_string}\"},\"query-input\":{\"@type\":\"PropertyValueSpecification\",\"valueRequired\":true,\"valueName\":\"search_term_string\"}}],\"inLanguage\":\"sv-SE\"},{\"@type\":\"Organization\",\"@id\":\"https:\/\/thehoneyofsweden.com\/sv\/#organization\",\"name\":\"The Honey Of Sweden\",\"url\":\"https:\/\/thehoneyofsweden.com\/sv\/\",\"logo\":{\"@type\":\"ImageObject\",\"inLanguage\":\"sv-SE\",\"@id\":\"https:\/\/thehoneyofsweden.com\/sv\/#\/schema\/logo\/image\/\",\"url\":\"https:\/\/thehoneyofsweden.com\/wp-content\/uploads\/the-honey-of-sweden-logo-centered.png\",\"contentUrl\":\"https:\/\/thehoneyofsweden.com\/wp-content\/uploads\/the-honey-of-sweden-logo-centered.png\",\"width\":950,\"height\":624,\"caption\":\"The Honey Of Sweden\"},\"image\":{\"@id\":\"https:\/\/thehoneyofsweden.com\/sv\/#\/schema\/logo\/image\/\"},\"sameAs\":[\"https:\/\/www.instagram.com\/thehoneyofsweden\/\"]}]}<\/script>\n<!-- \/ Yoast SEO plugin. -->","yoast_head_json":{"title":"Pizza toppad med honung - The Honey Of Sweden","description":"Detta \u00e4r ett recept p\u00e5 pizza som toppas med honung. Honungen ger en fin smakbalans tillsammans med chevr\u00e9 som ocks\u00e5 anv\u00e4nds i receptet.","robots":{"index":"index","follow":"follow","max-snippet":"max-snippet:-1","max-image-preview":"max-image-preview:large","max-video-preview":"max-video-preview:-1"},"canonical":"https:\/\/thehoneyofsweden.com\/sv\/receptsamling-the-honey-of-sweden-5\/","og_locale":"sv_SE","og_type":"article","og_title":"Pizza toppad med honung - The Honey Of Sweden","og_description":"Detta \u00e4r ett recept p\u00e5 pizza som toppas med honung. Honungen ger en fin smakbalans tillsammans med chevr\u00e9 som ocks\u00e5 anv\u00e4nds i receptet.","og_url":"https:\/\/thehoneyofsweden.com\/sv\/receptsamling-the-honey-of-sweden-5\/","og_site_name":"The Honey Of Sweden","article_modified_time":"2024-03-24T15:40:34+00:00","og_image":[{"url":"https:\/\/thehoneyofsweden.com\/wp-content\/uploads\/Pizza-square-1500-x-1500-1024x1024.jpg","type":"","width":"","height":""}],"twitter_card":"summary_large_image","twitter_misc":{"Ber\u00e4knad l\u00e4stid":"2 minuter"},"schema":{"@context":"https:\/\/schema.org","@graph":[{"@type":"WebPage","@id":"https:\/\/thehoneyofsweden.com\/pizza-toppad-med-honung\/","url":"https:\/\/thehoneyofsweden.com\/pizza-toppad-med-honung\/","name":"Pizza toppad med honung - The Honey Of Sweden","isPartOf":{"@id":"https:\/\/thehoneyofsweden.com\/sv\/#website"},"primaryImageOfPage":{"@id":"https:\/\/thehoneyofsweden.com\/pizza-toppad-med-honung\/#primaryimage"},"image":{"@id":"https:\/\/thehoneyofsweden.com\/pizza-toppad-med-honung\/#primaryimage"},"thumbnailUrl":"https:\/\/thehoneyofsweden.com\/wp-content\/uploads\/Pizza-square-1500-x-1500-1024x1024.jpg","datePublished":"2024-03-24T15:40:01+00:00","dateModified":"2024-03-24T15:40:34+00:00","description":"Detta \u00e4r ett recept p\u00e5 pizza som toppas med honung. Honungen ger en fin smakbalans tillsammans med chevr\u00e9 som ocks\u00e5 anv\u00e4nds i receptet.","breadcrumb":{"@id":"https:\/\/thehoneyofsweden.com\/pizza-toppad-med-honung\/#breadcrumb"},"inLanguage":"sv-SE","potentialAction":[{"@type":"ReadAction","target":["https:\/\/thehoneyofsweden.com\/pizza-toppad-med-honung\/"]}]},{"@type":"ImageObject","inLanguage":"sv-SE","@id":"https:\/\/thehoneyofsweden.com\/pizza-toppad-med-honung\/#primaryimage","url":"https:\/\/thehoneyofsweden.com\/wp-content\/uploads\/Pizza-square-1500-x-1500-1024x1024.jpg","contentUrl":"https:\/\/thehoneyofsweden.com\/wp-content\/uploads\/Pizza-square-1500-x-1500-1024x1024.jpg"},{"@type":"BreadcrumbList","@id":"https:\/\/thehoneyofsweden.com\/pizza-toppad-med-honung\/#breadcrumb","itemListElement":[{"@type":"ListItem","position":1,"name":"Home","item":"https:\/\/thehoneyofsweden.com\/"},{"@type":"ListItem","position":2,"name":"Pizza toppad med honung"}]},{"@type":"WebSite","@id":"https:\/\/thehoneyofsweden.com\/sv\/#website","url":"https:\/\/thehoneyofsweden.com\/sv\/","name":"The Honey Of Sweden","description":"Finest Quality Honey","publisher":{"@id":"https:\/\/thehoneyofsweden.com\/sv\/#organization"},"potentialAction":[{"@type":"SearchAction","target":{"@type":"EntryPoint","urlTemplate":"https:\/\/thehoneyofsweden.com\/sv\/?s={search_term_string}"},"query-input":{"@type":"PropertyValueSpecification","valueRequired":true,"valueName":"search_term_string"}}],"inLanguage":"sv-SE"},{"@type":"Organization","@id":"https:\/\/thehoneyofsweden.com\/sv\/#organization","name":"The Honey Of Sweden","url":"https:\/\/thehoneyofsweden.com\/sv\/","logo":{"@type":"ImageObject","inLanguage":"sv-SE","@id":"https:\/\/thehoneyofsweden.com\/sv\/#\/schema\/logo\/image\/","url":"https:\/\/thehoneyofsweden.com\/wp-content\/uploads\/the-honey-of-sweden-logo-centered.png","contentUrl":"https:\/\/thehoneyofsweden.com\/wp-content\/uploads\/the-honey-of-sweden-logo-centered.png","width":950,"height":624,"caption":"The Honey Of Sweden"},"image":{"@id":"https:\/\/thehoneyofsweden.com\/sv\/#\/schema\/logo\/image\/"},"sameAs":["https:\/\/www.instagram.com\/thehoneyofsweden\/"]}]}},"_links":{"self":[{"href":"https:\/\/thehoneyofsweden.com\/sv\/wp-json\/wp\/v2\/pages\/3516","targetHints":{"allow":["GET"]}}],"collection":[{"href":"https:\/\/thehoneyofsweden.com\/sv\/wp-json\/wp\/v2\/pages"}],"about":[{"href":"https:\/\/thehoneyofsweden.com\/sv\/wp-json\/wp\/v2\/types\/page"}],"author":[{"embeddable":true,"href":"https:\/\/thehoneyofsweden.com\/sv\/wp-json\/wp\/v2\/users\/2"}],"replies":[{"embeddable":true,"href":"https:\/\/thehoneyofsweden.com\/sv\/wp-json\/wp\/v2\/comments?post=3516"}],"version-history":[{"count":2,"href":"https:\/\/thehoneyofsweden.com\/sv\/wp-json\/wp\/v2\/pages\/3516\/revisions"}],"predecessor-version":[{"id":3519,"href":"https:\/\/thehoneyofsweden.com\/sv\/wp-json\/wp\/v2\/pages\/3516\/revisions\/3519"}],"wp:attachment":[{"href":"https:\/\/thehoneyofsweden.com\/sv\/wp-json\/wp\/v2\/media?parent=3516"}],"curies":[{"name":"wp","href":"https:\/\/api.w.org\/{rel}","templated":true}]}}