{"id":182,"date":"2022-08-27T20:14:39","date_gmt":"2022-08-27T20:14:39","guid":{"rendered":"https:\/\/thehoneyofsweden.com\/?page_id=182"},"modified":"2024-06-28T00:55:12","modified_gmt":"2024-06-27T22:55:12","slug":"new-front-page","status":"publish","type":"page","link":"https:\/\/thehoneyofsweden.com\/sv","title":{"rendered":"THE HONEY Of Sweden"},"content":{"rendered":"<div class=\"gb-container gb-container-3831f742\"><div class=\"gb-inside-container\">\n\n<video loop=\"\" muted=\"\" autoplay=\"\" playsinline=\"\" poster=\"URL\/TO\/poster.jpg\" class=\"background-video\">\n    <source src=\"https:\/\/thehoneyofsweden.com\/wp-content\/uploads\/header-movie-the-honey-of-sweden_compressed.mp4\" type=\"video\/mp4\">\n<\/video>\n\n\n\n<h1 class=\"gb-headline gb-headline-1f3f457f gb-headline-text background-video-content\">Naturlig svensk honung<\/h1>\n\n\n<div class=\"gb-container gb-container-0090b4c8\"><div class=\"gb-inside-container\">\n\n<figure class=\"gb-block-image gb-block-image-700f8608\"><img fetchpriority=\"high\" decoding=\"async\" width=\"950\" height=\"624\" class=\"gb-image gb-image-700f8608\" src=\"https:\/\/thehoneyofsweden.com\/wp-content\/uploads\/the-honey-of-sweden-logo-centered.png\" alt=\"the honey of sweden logo centered\" title=\"the honey of sweden logo centered\" srcset=\"https:\/\/thehoneyofsweden.com\/wp-content\/uploads\/the-honey-of-sweden-logo-centered.png 950w, https:\/\/thehoneyofsweden.com\/wp-content\/uploads\/the-honey-of-sweden-logo-centered-600x394.png 600w, https:\/\/thehoneyofsweden.com\/wp-content\/uploads\/the-honey-of-sweden-logo-centered-300x197.png 300w, https:\/\/thehoneyofsweden.com\/wp-content\/uploads\/the-honey-of-sweden-logo-centered-768x504.png 768w\" sizes=\"(max-width: 950px) 100vw, 950px\" \/><\/figure>\n\n<\/div><\/div>\n\n<div class=\"gb-button-wrapper gb-button-wrapper-378e907d background-video-content\">\n\n<a class=\"gb-button gb-button-4ff947a9\" href=\"https:\/\/thehoneyofsweden.com\/sv\/products\/\"><span class=\"gb-button-text\">V\u00e5r honung <\/span><span class=\"gb-icon\"><svg version=\"1.1\" id=\"Layer_1\" xmlns=\"http:\/\/www.w3.org\/2000\/svg\" xmlns:xlink=\"http:\/\/www.w3.org\/1999\/xlink\" x=\"0px\" y=\"0px\" viewbox=\"0 0 476.213 476.213\" style=\"enable-background:new 0 0 476.213 476.213;\" xml:space=\"preserve\"> <polygon points=\"345.606,107.5 324.394,128.713 418.787,223.107 0,223.107 0,253.107 418.787,253.107 324.394,347.5  \t345.606,368.713 476.213,238.106\"><\/polygon> <g> <\/g> <g> <\/g> <g> <\/g> <g> <\/g> <g> <\/g> <g> <\/g> <g> <\/g> <g> <\/g> <g> <\/g> <g> <\/g> <g> <\/g> <g> <\/g> <g> <\/g> <g> <\/g> <g> <\/g> <\/svg><\/span><\/a>\n\n<\/div>\n\n<div class=\"gb-button-wrapper gb-button-wrapper-8ef13864\">\n\n<a class=\"gb-button gb-button-0606d709 background-video-content\" href=\"https:\/\/thehoneyofsweden.com\/sv\/products\/\"><span class=\"gb-button-text\">V\u00c5R HONUNG<\/span><span class=\"gb-icon\"><svg xml:space=\"preserve\" style=\"enable-background:new 0 0 476.213 476.213;\" viewbox=\"0 0 476.213 476.213\" y=\"0px\" x=\"0px\" xmlns:xlink=\"http:\/\/www.w3.org\/1999\/xlink\" xmlns=\"http:\/\/www.w3.org\/2000\/svg\" id=\"Layer_1\" version=\"1.1\"> <polygon points=\"345.606,107.5 324.394,128.713 418.787,223.107 0,223.107 0,253.107 418.787,253.107 324.394,347.5  \t345.606,368.713 476.213,238.106\"><\/polygon> <g> <\/g> <g> <\/g> <g> <\/g> <g> <\/g> <g> <\/g> <g> <\/g> <g> <\/g> <g> <\/g> <g> <\/g> <g> <\/g> <g> <\/g> <g> <\/g> <g> <\/g> <g> <\/g> <g> <\/g> <\/svg><\/span><\/a>\n\n<\/div>\n<\/div><\/div>\n\n<div class=\"gb-container gb-container-eb696789\"><div class=\"gb-inside-container\">\n<div class=\"gb-grid-wrapper gb-grid-wrapper-5e713795 my-grid\">\n<div class=\"gb-grid-column gb-grid-column-4bce5ae0\"><div class=\"gb-container gb-container-4bce5ae0\"><div class=\"gb-inside-container\">\n\n<p class=\"gb-headline gb-headline-d42c348c gb-headline-text\">slow honey<\/p>\n\n\n\n<p class=\"gb-headline gb-headline-c0611bfe gb-headline-text underline\"><mark class=\"gb-highlight\">Direkt fr\u00e5n bikupan<\/mark><\/p>\n\n\n\n<p style=\"font-size:18px\">THE HONEY of Sweden \u00e4r svensk premiumhonung,<\/p>\n\n\n\n<p style=\"font-size:18px\">Vi s\u00e4tter en \u00e4ra i att l\u00e5ta naturen ta sin tid och att l\u00e5ta bina g\u00f6ra sitt jobb, s\u00e5 som de har gjort det i miljoner \u00e5r, innan vi sk\u00f6rdar honungen. Det \u00e4r p\u00e5 binas villkor och det tar lite extra tid men det \u00e4r v\u00e4l v\u00e4rt v\u00e4ntan. Det \u00e4r slow tech och vi kallar det slow honey.<\/p>\n\n\n\n<p style=\"font-size:18px\">V\u00e5ra bin \u00e4r placerade i glesbefolkade omr\u00e5den i Sverige d\u00e4r bina flyger mellan skog och \u00e4ng i ett varierat landskap. Varje sk\u00f6rd \u00e4r unik och har olika smak och f\u00e4rg som varierar fr\u00e5n \u00e5r till \u00e5r. Vi samarbetar med andra biodlare som vi k\u00e4nner v\u00e4l. Detta f\u00f6r att hitta honung fr\u00e5n olika delar av Sverige. V\u00e5r ambition \u00e4r att The Horney of Sweden ska representera olika delar av landet. Med v\u00e5r honung f\u00e5r du uppleva smaken av en unik plats eftersom vi inte blandar olika sk\u00f6rdar.<\/p>\n\n\n\n<p style=\"font-size:18px\">F\u00e4rg och smak p\u00e5 honung beror p\u00e5 blommorna d\u00e4r bina samlar nektar och ocks\u00e5 p\u00e5 marken och omgivningen d\u00e4r blommorna v\u00e4xer. Honung har sin speciella \"terroir\" precis som vin. \n\nHonung \u00e4r pollinering p\u00e5 burk. N\u00e4r du k\u00f6per \u00e4kta honung bidrar du till pollineringen i Sveriges natur.<\/p>\n\n<\/div><\/div><\/div>\n\n<div class=\"gb-grid-column gb-grid-column-383fe04d\"><div class=\"gb-container gb-container-383fe04d\"><div class=\"gb-inside-container\">\n<div class=\"gb-container gb-container-da75c514\"><div class=\"gb-inside-container\">\n\n<figure class=\"gb-block-image gb-block-image-f114186a\"><img decoding=\"async\" width=\"800\" height=\"1000\" class=\"gb-image gb-image-f114186a\" src=\"https:\/\/thehoneyofsweden.com\/wp-content\/uploads\/many-bees-on-honeycomb.jpg\" alt=\"many-bees-on-honeycomb\" title=\"many-bees-on-honeycomb\" srcset=\"https:\/\/thehoneyofsweden.com\/wp-content\/uploads\/many-bees-on-honeycomb.jpg 800w, https:\/\/thehoneyofsweden.com\/wp-content\/uploads\/many-bees-on-honeycomb-600x750.jpg 600w, https:\/\/thehoneyofsweden.com\/wp-content\/uploads\/many-bees-on-honeycomb-240x300.jpg 240w, https:\/\/thehoneyofsweden.com\/wp-content\/uploads\/many-bees-on-honeycomb-768x960.jpg 768w\" sizes=\"(max-width: 800px) 100vw, 800px\" \/><\/figure>\n\n<\/div><\/div>\n<\/div><\/div><\/div>\n<\/div>\n\n\n<p><\/p>\n\n\n\n<div class=\"wp-block-columns is-layout-flex wp-container-core-columns-is-layout-9d6595d7 wp-block-columns-is-layout-flex\">\n<div class=\"wp-block-column is-layout-flow wp-block-column-is-layout-flow\" style=\"flex-basis:100%\">\n<p>V\u00e5r honung har deltagit i internationella kvalitetsbed\u00f6mningar och erh\u00e5llit guldmedaljer\nf\u00f6r kvalitet och smak vid Paris International Honey Awards, Mediterranean Taste Awards\noch London International Honey Awards.<\/p>\n\n\n\n<figure class=\"gb-block-image gb-block-image-7b412f28\"><img decoding=\"async\" width=\"945\" height=\"255\" class=\"gb-image gb-image-7b412f28\" src=\"https:\/\/thehoneyofsweden.com\/wp-content\/uploads\/All-three.png\" alt=\"\" title=\"All-three\" srcset=\"https:\/\/thehoneyofsweden.com\/wp-content\/uploads\/All-three.png 945w, https:\/\/thehoneyofsweden.com\/wp-content\/uploads\/All-three-300x81.png 300w, https:\/\/thehoneyofsweden.com\/wp-content\/uploads\/All-three-768x207.png 768w, https:\/\/thehoneyofsweden.com\/wp-content\/uploads\/All-three-18x5.png 18w, https:\/\/thehoneyofsweden.com\/wp-content\/uploads\/All-three-600x162.png 600w\" sizes=\"(max-width: 945px) 100vw, 945px\" \/><\/figure>\n<\/div>\n<\/div>\n\n<\/div><\/div>\n\n<div class=\"gb-container gb-container-fa7c05ad\"><div class=\"gb-inside-container\">\n<div class=\"gb-container gb-container-1e38c813\"><div class=\"gb-inside-container\">\n\n<p class=\"gb-headline gb-headline-82bc777f\"><span class=\"gb-icon\"><svg xmlns:xlink=\"http:\/\/www.w3.org\/1999\/xlink\" viewbox=\"0 0 512 512\" xmlns=\"http:\/\/www.w3.org\/2000\/svg\" version=\"1.1\">   <g>     <g>       <path d=\"m365.5,191.5v-106.7c0-7.2-3.8-13.8-9.9-17.5l-89-53.4c-6.5-3.9-14.5-3.9-21,0l-89.1,53.4c-6.2,3.7-9.9,10.3-9.9,17.5v106.7c0,7.2 3.8,13.8 9.9,17.5l89.1,53.4c9.4,5.4 17.2,2.5 21,0l89-53.4c6.1-3.7 9.9-10.3 9.9-17.5z\"><\/path>       <path d=\"m220,303l-89-53.4c-6.5-3.9-14.5-3.9-21,0l-89.1,53.4c-6.2,3.7-9.9,10.3-9.9,17.5v106.7c0,7.2 3.8,13.8 9.9,17.5l89.1,53.4c9.4,5.4 17.2,2.5 21,0l89-53.4c6.2-3.7 9.9-10.3 9.9-17.5v-106.7c0-7.2-3.7-13.8-9.9-17.5z\"><\/path>       <path d=\"m491.1,302.9l-89-53.4c-6.5-3.9-14.5-3.9-21,0l-89.1,53.4c-6.2,3.7-9.9,10.3-9.9,17.5v106.7c0,7.2 3.8,13.8 9.9,17.5l89,53.4c9.4,5.4 17.2,2.5 21,0l89-53.4c6.2-3.7 9.9-10.3 9.9-17.5v-106.7c0.1-7.2-3.7-13.8-9.8-17.5z\"><\/path>     <\/g>   <\/g> <\/svg><\/span><span class=\"gb-headline-text\">Premiumkvalitet<\/span><\/p>\n\n\n\n<h2 class=\"gb-headline gb-headline-3799ca4a gb-headline-text underline\"><mark class=\"gb-highlight\">Den h\u00f6gsta kvalitet du kan hitta<\/mark><\/h2>\n\n\n\n<p style=\"font-size:18px\">Ren honung \u00e4r ett fantastiskt livsmedel. Inget processat, inget tillsatt eller borttaget, utan f\u00e4rdigt att \u00e4ta direkt fr\u00e5n naturen. V\u00e5r honung \u00e4r varsamt hanterad f\u00f6r att bevara de olika naturliga smakerna och nyttiga best\u00e5ndsdelarna.<\/p>\n\n<\/div><\/div>\n<\/div><\/div>\n\n\n\n\n<\/p>\n\n\n<div class=\"gb-container gb-container-8f40b9df gb-container-dark-blue-container\"><div class=\"gb-inside-container\">\n<div class=\"gb-grid-wrapper gb-grid-wrapper-fecb3d19\">\n<div class=\"gb-grid-column gb-grid-column-108ede80\"><div class=\"gb-container gb-container-108ede80\"><a class=\"gb-container-link\" href=\"https:\/\/thehoneyofsweden.com\/sv\/honey-facts\/\"><\/a><div class=\"gb-inside-container\">\n\n<h2 class=\"gb-headline gb-headline-91f831a1 gb-headline-text\">Fakta om honung<\/h2>\n\n\n\n<p><\/p>\n\n\n<div class=\"gb-button-wrapper gb-button-wrapper-aa152479\">\n\n<span class=\"gb-button gb-button-f79456b9\"><span class=\"gb-button-text\">L\u00e4s mer<\/span><span class=\"gb-icon\"><svg xml:space=\"preserve\" style=\"enable-background:new 0 0 476.213 476.213;\" viewbox=\"0 0 476.213 476.213\" y=\"0px\" x=\"0px\" xmlns:xlink=\"http:\/\/www.w3.org\/1999\/xlink\" xmlns=\"http:\/\/www.w3.org\/2000\/svg\" id=\"Layer_1\" version=\"1.1\"> <polygon points=\"345.606,107.5 324.394,128.713 418.787,223.107 0,223.107 0,253.107 418.787,253.107 324.394,347.5  \t345.606,368.713 476.213,238.106\"><\/polygon> <g> <\/g> <g> <\/g> <g> <\/g> <g> <\/g> <g> <\/g> <g> <\/g> <g> <\/g> <g> <\/g> <g> <\/g> <g> <\/g> <g> <\/g> <g> <\/g> <g> <\/g> <g> <\/g> <g> <\/g> <\/svg><\/span><\/span>\n\n<\/div>\n<\/div><\/div><\/div>\n\n<div class=\"gb-grid-column gb-grid-column-9f6476e9\"><div class=\"gb-container gb-container-9f6476e9\"><a class=\"gb-container-link\" href=\"https:\/\/thehoneyofsweden.com\/sv\/beekeepers\/\"><\/a><div class=\"gb-inside-container\">\n\n<h2 class=\"gb-headline gb-headline-86cb1a99 gb-headline-text\">Biodlare<\/h2>\n\n\n<div class=\"gb-button-wrapper gb-button-wrapper-0cd62fc6\">\n\n<span class=\"gb-button gb-button-477567a3\"><span class=\"gb-button-text\">L\u00e4s mer<\/span><span class=\"gb-icon\"><svg xml:space=\"preserve\" style=\"enable-background:new 0 0 476.213 476.213;\" viewbox=\"0 0 476.213 476.213\" y=\"0px\" x=\"0px\" xmlns:xlink=\"http:\/\/www.w3.org\/1999\/xlink\" xmlns=\"http:\/\/www.w3.org\/2000\/svg\" id=\"Layer_1\" version=\"1.1\"> <polygon points=\"345.606,107.5 324.394,128.713 418.787,223.107 0,223.107 0,253.107 418.787,253.107 324.394,347.5  \t345.606,368.713 476.213,238.106\"><\/polygon> <g> <\/g> <g> <\/g> <g> <\/g> <g> <\/g> <g> <\/g> <g> <\/g> <g> <\/g> <g> <\/g> <g> <\/g> <g> <\/g> <g> <\/g> <g> <\/g> <g> <\/g> <g> <\/g> <g> <\/g> <\/svg><\/span><\/span>\n\n<\/div>\n<\/div><\/div><\/div>\n\n<div class=\"gb-grid-column gb-grid-column-6633e5a8\"><div class=\"gb-container gb-container-6633e5a8\"><a class=\"gb-container-link\" href=\"https:\/\/thehoneyofsweden.com\/sv\/products\/\"><\/a><div class=\"gb-inside-container\">\n\n<h2 class=\"gb-headline gb-headline-f0db1959 gb-headline-text\">Honungsbutik<\/h2>\n\n\n<div class=\"gb-button-wrapper gb-button-wrapper-a18a14d8\">\n\n<span class=\"gb-button gb-button-ff48b4d0\"><span class=\"gb-button-text\">L\u00e4s mer<\/span><span class=\"gb-icon\"><svg xml:space=\"preserve\" style=\"enable-background:new 0 0 476.213 476.213;\" viewbox=\"0 0 476.213 476.213\" y=\"0px\" x=\"0px\" xmlns:xlink=\"http:\/\/www.w3.org\/1999\/xlink\" xmlns=\"http:\/\/www.w3.org\/2000\/svg\" id=\"Layer_1\" version=\"1.1\"> <polygon points=\"345.606,107.5 324.394,128.713 418.787,223.107 0,223.107 0,253.107 418.787,253.107 324.394,347.5  \t345.606,368.713 476.213,238.106\"><\/polygon> <g> <\/g> <g> <\/g> <g> <\/g> <g> <\/g> <g> <\/g> <g> <\/g> <g> <\/g> <g> <\/g> <g> <\/g> <g> <\/g> <g> <\/g> <g> <\/g> <g> <\/g> <g> <\/g> <g> <\/g> <\/svg><\/span><\/span>\n\n<\/div>\n<\/div><\/div><\/div>\n<\/div>\n<\/div><\/div>\n\n<p>\n\n\n\n\n\n\n\n\n\n\n\n<div class=\"gb-container gb-container-dad16eda\"><div class=\"gb-inside-container\">\n\n<p><\/p>\n\n<\/div><\/div>","protected":false},"excerpt":{"rendered":"<p>Pure Swedish Natural Honey Our honey has participated in international quality assessments and received gold medals for quality and taste at the Paris International Honey Awards, Mediterranean Taste Awards, and the London International Honey Awards. finest quality The most premium honey you can find Pure honey is a fantastic food product. No processing, nothing added &#8230; <a title=\"THE HONEY Of Sweden\" class=\"read-more\" href=\"https:\/\/thehoneyofsweden.com\/sv\" aria-label=\"L\u00e4s mer om THE HONEY Of Sweden\">L\u00e4s mer<\/a><\/p>","protected":false},"author":2,"featured_media":0,"parent":0,"menu_order":0,"comment_status":"closed","ping_status":"closed","template":"","meta":{"footnotes":""},"class_list":["post-182","page","type-page","status-publish"],"acf":[],"yoast_head":"<!-- This site is optimized with the Yoast SEO plugin v27.1.1 - https:\/\/yoast.com\/product\/yoast-seo-wordpress\/ -->\n<title>The Honey of Sweden<\/title>\n<meta name=\"description\" content=\"We are a brand of pure, unprocessed, and additive-free natural honey, born from the nature of Sweden. Respecting the work that bees have been doing in nature for millions of years, our honey is carefully crafted over a long period of time. Experience the highest quality of taste and aroma.\" \/>\n<meta name=\"robots\" content=\"index, follow, max-snippet:-1, max-image-preview:large, max-video-preview:-1\" \/>\n<link rel=\"canonical\" href=\"https:\/\/thehoneyofsweden.com\/sv\" \/>\n<meta property=\"og:locale\" content=\"sv_SE\" \/>\n<meta property=\"og:type\" content=\"article\" \/>\n<meta property=\"og:title\" content=\"The Honey of Sweden\" \/>\n<meta property=\"og:description\" content=\"We are a brand of pure, unprocessed, and additive-free natural honey, born from the nature of Sweden. Respecting the work that bees have been doing in nature for millions of years, our honey is carefully crafted over a long period of time. Experience the highest quality of taste and aroma.\" \/>\n<meta property=\"og:url\" content=\"https:\/\/thehoneyofsweden.com\/sv\" \/>\n<meta property=\"og:site_name\" content=\"The Honey Of Sweden\" \/>\n<meta property=\"article:modified_time\" content=\"2024-06-27T22:55:12+00:00\" \/>\n<meta property=\"og:image\" content=\"https:\/\/thehoneyofsweden.com\/wp-content\/uploads\/the-honey-of-sweden-logo-centered.png\" \/>\n<meta name=\"twitter:card\" content=\"summary_large_image\" \/>\n<meta name=\"twitter:label1\" content=\"Ber\u00e4knad l\u00e4stid\" \/>\n\t<meta name=\"twitter:data1\" content=\"2 minuter\" \/>\n<script type=\"application\/ld+json\" class=\"yoast-schema-graph\">{\"@context\":\"https:\/\/schema.org\",\"@graph\":[{\"@type\":\"WebPage\",\"@id\":\"https:\/\/thehoneyofsweden.com\/\",\"url\":\"https:\/\/thehoneyofsweden.com\/\",\"name\":\"The Honey of Sweden\",\"isPartOf\":{\"@id\":\"https:\/\/thehoneyofsweden.com\/sv\/#website\"},\"primaryImageOfPage\":{\"@id\":\"https:\/\/thehoneyofsweden.com\/#primaryimage\"},\"image\":{\"@id\":\"https:\/\/thehoneyofsweden.com\/#primaryimage\"},\"thumbnailUrl\":\"https:\/\/thehoneyofsweden.com\/wp-content\/uploads\/the-honey-of-sweden-logo-centered.png\",\"datePublished\":\"2022-08-27T20:14:39+00:00\",\"dateModified\":\"2024-06-27T22:55:12+00:00\",\"description\":\"We are a brand of pure, unprocessed, and additive-free natural honey, born from the nature of Sweden. Respecting the work that bees have been doing in nature for millions of years, our honey is carefully crafted over a long period of time. Experience the highest quality of taste and aroma.\",\"breadcrumb\":{\"@id\":\"https:\/\/thehoneyofsweden.com\/#breadcrumb\"},\"inLanguage\":\"sv-SE\",\"potentialAction\":[{\"@type\":\"ReadAction\",\"target\":[\"https:\/\/thehoneyofsweden.com\/\"]}]},{\"@type\":\"ImageObject\",\"inLanguage\":\"sv-SE\",\"@id\":\"https:\/\/thehoneyofsweden.com\/#primaryimage\",\"url\":\"https:\/\/thehoneyofsweden.com\/wp-content\/uploads\/the-honey-of-sweden-logo-centered.png\",\"contentUrl\":\"https:\/\/thehoneyofsweden.com\/wp-content\/uploads\/the-honey-of-sweden-logo-centered.png\"},{\"@type\":\"BreadcrumbList\",\"@id\":\"https:\/\/thehoneyofsweden.com\/#breadcrumb\",\"itemListElement\":[{\"@type\":\"ListItem\",\"position\":1,\"name\":\"Home\",\"item\":\"https:\/\/thehoneyofsweden.com\/\"},{\"@type\":\"ListItem\",\"position\":2,\"name\":\"THE HONEY Of Sweden\"}]},{\"@type\":\"WebSite\",\"@id\":\"https:\/\/thehoneyofsweden.com\/sv\/#website\",\"url\":\"https:\/\/thehoneyofsweden.com\/sv\/\",\"name\":\"The Honey Of Sweden\",\"description\":\"Finest Quality Honey\",\"publisher\":{\"@id\":\"https:\/\/thehoneyofsweden.com\/sv\/#organization\"},\"potentialAction\":[{\"@type\":\"SearchAction\",\"target\":{\"@type\":\"EntryPoint\",\"urlTemplate\":\"https:\/\/thehoneyofsweden.com\/sv\/?s={search_term_string}\"},\"query-input\":{\"@type\":\"PropertyValueSpecification\",\"valueRequired\":true,\"valueName\":\"search_term_string\"}}],\"inLanguage\":\"sv-SE\"},{\"@type\":\"Organization\",\"@id\":\"https:\/\/thehoneyofsweden.com\/sv\/#organization\",\"name\":\"The Honey Of Sweden\",\"url\":\"https:\/\/thehoneyofsweden.com\/sv\/\",\"logo\":{\"@type\":\"ImageObject\",\"inLanguage\":\"sv-SE\",\"@id\":\"https:\/\/thehoneyofsweden.com\/sv\/#\/schema\/logo\/image\/\",\"url\":\"https:\/\/thehoneyofsweden.com\/wp-content\/uploads\/the-honey-of-sweden-logo-centered.png\",\"contentUrl\":\"https:\/\/thehoneyofsweden.com\/wp-content\/uploads\/the-honey-of-sweden-logo-centered.png\",\"width\":950,\"height\":624,\"caption\":\"The Honey Of Sweden\"},\"image\":{\"@id\":\"https:\/\/thehoneyofsweden.com\/sv\/#\/schema\/logo\/image\/\"},\"sameAs\":[\"https:\/\/www.instagram.com\/thehoneyofsweden\/\"]}]}<\/script>\n<!-- \/ Yoast SEO plugin. -->","yoast_head_json":{"title":"The Honey of Sweden","description":"We are a brand of pure, unprocessed, and additive-free natural honey, born from the nature of Sweden. Respecting the work that bees have been doing in nature for millions of years, our honey is carefully crafted over a long period of time. Experience the highest quality of taste and aroma.","robots":{"index":"index","follow":"follow","max-snippet":"max-snippet:-1","max-image-preview":"max-image-preview:large","max-video-preview":"max-video-preview:-1"},"canonical":"https:\/\/thehoneyofsweden.com\/sv","og_locale":"sv_SE","og_type":"article","og_title":"The Honey of Sweden","og_description":"We are a brand of pure, unprocessed, and additive-free natural honey, born from the nature of Sweden. Respecting the work that bees have been doing in nature for millions of years, our honey is carefully crafted over a long period of time. Experience the highest quality of taste and aroma.","og_url":"https:\/\/thehoneyofsweden.com\/sv","og_site_name":"The Honey Of Sweden","article_modified_time":"2024-06-27T22:55:12+00:00","og_image":[{"url":"https:\/\/thehoneyofsweden.com\/wp-content\/uploads\/the-honey-of-sweden-logo-centered.png","type":"","width":"","height":""}],"twitter_card":"summary_large_image","twitter_misc":{"Ber\u00e4knad l\u00e4stid":"2 minuter"},"schema":{"@context":"https:\/\/schema.org","@graph":[{"@type":"WebPage","@id":"https:\/\/thehoneyofsweden.com\/","url":"https:\/\/thehoneyofsweden.com\/","name":"The Honey of Sweden","isPartOf":{"@id":"https:\/\/thehoneyofsweden.com\/sv\/#website"},"primaryImageOfPage":{"@id":"https:\/\/thehoneyofsweden.com\/#primaryimage"},"image":{"@id":"https:\/\/thehoneyofsweden.com\/#primaryimage"},"thumbnailUrl":"https:\/\/thehoneyofsweden.com\/wp-content\/uploads\/the-honey-of-sweden-logo-centered.png","datePublished":"2022-08-27T20:14:39+00:00","dateModified":"2024-06-27T22:55:12+00:00","description":"We are a brand of pure, unprocessed, and additive-free natural honey, born from the nature of Sweden. Respecting the work that bees have been doing in nature for millions of years, our honey is carefully crafted over a long period of time. Experience the highest quality of taste and aroma.","breadcrumb":{"@id":"https:\/\/thehoneyofsweden.com\/#breadcrumb"},"inLanguage":"sv-SE","potentialAction":[{"@type":"ReadAction","target":["https:\/\/thehoneyofsweden.com\/"]}]},{"@type":"ImageObject","inLanguage":"sv-SE","@id":"https:\/\/thehoneyofsweden.com\/#primaryimage","url":"https:\/\/thehoneyofsweden.com\/wp-content\/uploads\/the-honey-of-sweden-logo-centered.png","contentUrl":"https:\/\/thehoneyofsweden.com\/wp-content\/uploads\/the-honey-of-sweden-logo-centered.png"},{"@type":"BreadcrumbList","@id":"https:\/\/thehoneyofsweden.com\/#breadcrumb","itemListElement":[{"@type":"ListItem","position":1,"name":"Home","item":"https:\/\/thehoneyofsweden.com\/"},{"@type":"ListItem","position":2,"name":"THE HONEY Of Sweden"}]},{"@type":"WebSite","@id":"https:\/\/thehoneyofsweden.com\/sv\/#website","url":"https:\/\/thehoneyofsweden.com\/sv\/","name":"The Honey Of Sweden","description":"Finest Quality Honey","publisher":{"@id":"https:\/\/thehoneyofsweden.com\/sv\/#organization"},"potentialAction":[{"@type":"SearchAction","target":{"@type":"EntryPoint","urlTemplate":"https:\/\/thehoneyofsweden.com\/sv\/?s={search_term_string}"},"query-input":{"@type":"PropertyValueSpecification","valueRequired":true,"valueName":"search_term_string"}}],"inLanguage":"sv-SE"},{"@type":"Organization","@id":"https:\/\/thehoneyofsweden.com\/sv\/#organization","name":"The Honey Of Sweden","url":"https:\/\/thehoneyofsweden.com\/sv\/","logo":{"@type":"ImageObject","inLanguage":"sv-SE","@id":"https:\/\/thehoneyofsweden.com\/sv\/#\/schema\/logo\/image\/","url":"https:\/\/thehoneyofsweden.com\/wp-content\/uploads\/the-honey-of-sweden-logo-centered.png","contentUrl":"https:\/\/thehoneyofsweden.com\/wp-content\/uploads\/the-honey-of-sweden-logo-centered.png","width":950,"height":624,"caption":"The Honey Of Sweden"},"image":{"@id":"https:\/\/thehoneyofsweden.com\/sv\/#\/schema\/logo\/image\/"},"sameAs":["https:\/\/www.instagram.com\/thehoneyofsweden\/"]}]}},"_links":{"self":[{"href":"https:\/\/thehoneyofsweden.com\/sv\/wp-json\/wp\/v2\/pages\/182","targetHints":{"allow":["GET"]}}],"collection":[{"href":"https:\/\/thehoneyofsweden.com\/sv\/wp-json\/wp\/v2\/pages"}],"about":[{"href":"https:\/\/thehoneyofsweden.com\/sv\/wp-json\/wp\/v2\/types\/page"}],"author":[{"embeddable":true,"href":"https:\/\/thehoneyofsweden.com\/sv\/wp-json\/wp\/v2\/users\/2"}],"replies":[{"embeddable":true,"href":"https:\/\/thehoneyofsweden.com\/sv\/wp-json\/wp\/v2\/comments?post=182"}],"version-history":[{"count":343,"href":"https:\/\/thehoneyofsweden.com\/sv\/wp-json\/wp\/v2\/pages\/182\/revisions"}],"predecessor-version":[{"id":4845,"href":"https:\/\/thehoneyofsweden.com\/sv\/wp-json\/wp\/v2\/pages\/182\/revisions\/4845"}],"wp:attachment":[{"href":"https:\/\/thehoneyofsweden.com\/sv\/wp-json\/wp\/v2\/media?parent=182"}],"curies":[{"name":"wp","href":"https:\/\/api.w.org\/{rel}","templated":true}]}}