{"id":3513,"date":"2024-03-24T16:31:06","date_gmt":"2024-03-24T15:31:06","guid":{"rendered":"https:\/\/thehoneyofsweden.com\/?page_id=3513"},"modified":"2024-03-24T16:31:58","modified_gmt":"2024-03-24T15:31:58","slug":"honungs-och-chokladsnurror-3","status":"publish","type":"page","link":"https:\/\/thehoneyofsweden.com\/ja\/honungs-och-chokladsnurror-3\/","title":{"rendered":"Honungs- och chokladsnurror"},"content":{"rendered":"<p><\/p>\n\n\n\n<div class=\"wp-block-columns are-vertically-aligned-center is-layout-flex wp-container-core-columns-is-layout-9d6595d7 wp-block-columns-is-layout-flex\">\n<div class=\"wp-block-column is-vertically-aligned-center is-layout-flow wp-block-column-is-layout-flow\" style=\"flex-basis:100%\">\n<h2 class=\"wp-block-heading\">Honungs- och chokladsnurror<\/h2>\n<\/div>\n<\/div>\n\n\n\n<div class=\"wp-block-media-text is-stacked-on-mobile\"><figure class=\"wp-block-media-text__media\"><img fetchpriority=\"high\" decoding=\"async\" width=\"1024\" height=\"1024\" src=\"https:\/\/thehoneyofsweden.com\/wp-content\/uploads\/Honungs-och-chokladsnurror-square-1500-x-1500-1024x1024.jpg\" alt=\"Honungs- och chokladsnurror till fika!\" class=\"wp-image-3507 size-full\" srcset=\"https:\/\/thehoneyofsweden.com\/wp-content\/uploads\/Honungs-och-chokladsnurror-square-1500-x-1500-1024x1024.jpg 1024w, https:\/\/thehoneyofsweden.com\/wp-content\/uploads\/Honungs-och-chokladsnurror-square-1500-x-1500-300x300.jpg 300w, https:\/\/thehoneyofsweden.com\/wp-content\/uploads\/Honungs-och-chokladsnurror-square-1500-x-1500-150x150.jpg 150w, https:\/\/thehoneyofsweden.com\/wp-content\/uploads\/Honungs-och-chokladsnurror-square-1500-x-1500-768x768.jpg 768w, https:\/\/thehoneyofsweden.com\/wp-content\/uploads\/Honungs-och-chokladsnurror-square-1500-x-1500-12x12.jpg 12w, https:\/\/thehoneyofsweden.com\/wp-content\/uploads\/Honungs-och-chokladsnurror-square-1500-x-1500-600x600.jpg 600w, https:\/\/thehoneyofsweden.com\/wp-content\/uploads\/Honungs-och-chokladsnurror-square-1500-x-1500-100x100.jpg 100w, https:\/\/thehoneyofsweden.com\/wp-content\/uploads\/Honungs-och-chokladsnurror-square-1500-x-1500.jpg 1500w\" sizes=\"(max-width: 1024px) 100vw, 1024px\" \/><\/figure><div class=\"wp-block-media-text__content\">\n<p>Underbart s\u00f6ta och goda kallj\u00e4sta bullar. Perfekt att g\u00f6ra dagen innan och sedan ta fram och gr\u00e4dda precis innan servering. <\/p>\n\n\n\n<p>Bjud sedan p\u00e5 en riktig svensk fika med s\u00f6t bulle och kaffe!<\/p>\n\n\n\n<p><br>Port: ca 25 st<br>Tid: j\u00e4sning ca 12 timmar. \u00d6vrigt ca 1 timme<br>Ingredienser<br>2 1\/2 dl kallt vatten<br>2 1\/2 dl kall mj\u00f6lk<br>14g (1 p\u00e5se) torrj\u00e4st<br>1 dl honung<br>1 tsk vaniljsocker<br>1\/2 tsk salt<br>100g sm\u00f6r<br>3 \u00e4ggulor<br>15 dl vetemj\u00f6l<br>Fyllning samt pensling<br>150g sm\u00f6r<br>2 dl str\u00f6socker<br>1 dl kakao<br>1 \u00e4gg<br>S\u00e5 h\u00e4r g\u00f6r du:<\/p>\n\n\n\n<ol class=\"wp-block-list\">\n<li>Blanda alla torra ingredienser med j\u00e4sten, l\u00e5t vila 5 minuter. Tills\u00e4tt vatten, mj\u00f6lk och honung.<br>Anv\u00e4nd g\u00e4rna en k\u00f6ksberedare f\u00f6r att kn\u00e5da degen. L\u00e5t maskinen kn\u00e5da degen ca 10 minuter.<br>Kn\u00e5dar du f\u00f6r f\u00f6r hand b\u00f6r du dubbla tiden.<\/li>\n\n\n\n<li>R\u00f6r samman sm\u00f6r, socker och kakao till fyllningen. Ta upp degen p\u00e5 l\u00e4tt mj\u00f6lat bord. Kavla ut<br>till en stor rektangel, ca 60x30cm. Bred ut fyllningen en halva av degen och vik sedan \u00f6ver<br>den andra delen. Sk\u00e4r degen i ca 25 remsor (ca 1,5-2 cm breda) och vik dem till snurror.<\/li>\n\n\n\n<li>L\u00e4gg snurrorna p\u00e5 tv\u00e5 bakpapperskl\u00e4dd pl\u00e5tar. T\u00e4ck f\u00f6rst med en bakduk och sedan med<br>plastfolie (eller stoppa pl\u00e5ten i en stor plastp\u00e5se) s\u00e5 att inte degen torkar. St\u00e4ll in i kylen ca 12<br>timmar.<\/li>\n\n\n\n<li>V\u00e4rm ugnen till 225 grader. Ta fram pl\u00e5tarna ur kylen och l\u00e5t st\u00e5 framme medan ugnen blir<br>varm. Pensla bullarna med uppvispat \u00e4gg. Gr\u00e4dda mitt i ugnen ca 15 minuter eller tills de f\u00e5tt<br>en fin f\u00e4rg!<\/li>\n<\/ol>\n\n\n<div class=\"gb-button-wrapper gb-button-wrapper-6b28283e\">\n\n<a class=\"gb-button gb-button-56a824ce gb-button-text\" href=\"https:\/\/thehoneyofsweden.com\/sv\/olika-typer-av-honung-fran-sveriges-natur-i-the-honey-of-sweden\/#\" target=\"_blank\" rel=\"noopener noreferrer\">K\u00f6p i honungsbutiken<\/a>\n\n<\/div><\/div><\/div>","protected":false},"excerpt":{"rendered":"<p>Honungs- och chokladsnurror<\/p>","protected":false},"author":2,"featured_media":0,"parent":0,"menu_order":0,"comment_status":"closed","ping_status":"closed","template":"","meta":{"footnotes":""},"class_list":["post-3513","page","type-page","status-publish"],"acf":[],"yoast_head":"<!-- This site is optimized with the Yoast SEO plugin v27.5 - https:\/\/yoast.com\/product\/yoast-seo-wordpress\/ -->\n<title>Honungs- och chokladsnurror - The Honey Of Sweden<\/title>\n<meta name=\"description\" content=\"V\u00e4lkommen till v\u00e5r receptsamling. L\u00e4r dig anv\u00e4nda honung p\u00e5 olika vis i mat, bakning och drinkar. Gott och nyttigt med honung. Detta \u00e4r ett recept p\u00e5 cheescake med honung\" \/>\n<meta name=\"robots\" content=\"index, follow, max-snippet:-1, max-image-preview:large, max-video-preview:-1\" \/>\n<link rel=\"canonical\" href=\"https:\/\/thehoneyofsweden.com\/ja\/honungs-och-chokladsnurror-3\/\" \/>\n<meta property=\"og:locale\" content=\"ja_JP\" \/>\n<meta property=\"og:type\" content=\"article\" \/>\n<meta property=\"og:title\" content=\"Honungs- och chokladsnurror - The Honey Of Sweden\" \/>\n<meta property=\"og:description\" content=\"V\u00e4lkommen till v\u00e5r receptsamling. L\u00e4r dig anv\u00e4nda honung p\u00e5 olika vis i mat, bakning och drinkar. Gott och nyttigt med honung. Detta \u00e4r ett recept p\u00e5 cheescake med honung\" \/>\n<meta property=\"og:url\" content=\"https:\/\/thehoneyofsweden.com\/ja\/honungs-och-chokladsnurror-3\/\" \/>\n<meta property=\"og:site_name\" content=\"The Honey Of Sweden\" \/>\n<meta property=\"article:modified_time\" content=\"2024-03-24T15:31:58+00:00\" \/>\n<meta property=\"og:image\" content=\"https:\/\/thehoneyofsweden.com\/wp-content\/uploads\/Honungs-och-chokladsnurror-square-1500-x-1500-1024x1024.jpg\" \/>\n<meta name=\"twitter:card\" content=\"summary_large_image\" \/>\n<meta name=\"twitter:label1\" content=\"\u63a8\u5b9a\u8aad\u307f\u53d6\u308a\u6642\u9593\" \/>\n\t<meta name=\"twitter:data1\" content=\"2\u5206\" \/>\n<script type=\"application\/ld+json\" class=\"yoast-schema-graph\">{\"@context\":\"https:\\\/\\\/schema.org\",\"@graph\":[{\"@type\":\"WebPage\",\"@id\":\"https:\\\/\\\/thehoneyofsweden.com\\\/honungs-och-chokladsnurror-3\\\/\",\"url\":\"https:\\\/\\\/thehoneyofsweden.com\\\/honungs-och-chokladsnurror-3\\\/\",\"name\":\"Honungs- och chokladsnurror - The Honey Of Sweden\",\"isPartOf\":{\"@id\":\"https:\\\/\\\/thehoneyofsweden.com\\\/ja\\\/#website\"},\"primaryImageOfPage\":{\"@id\":\"https:\\\/\\\/thehoneyofsweden.com\\\/honungs-och-chokladsnurror-3\\\/#primaryimage\"},\"image\":{\"@id\":\"https:\\\/\\\/thehoneyofsweden.com\\\/honungs-och-chokladsnurror-3\\\/#primaryimage\"},\"thumbnailUrl\":\"https:\\\/\\\/thehoneyofsweden.com\\\/wp-content\\\/uploads\\\/Honungs-och-chokladsnurror-square-1500-x-1500-1024x1024.jpg\",\"datePublished\":\"2024-03-24T15:31:06+00:00\",\"dateModified\":\"2024-03-24T15:31:58+00:00\",\"description\":\"V\u00e4lkommen till v\u00e5r receptsamling. L\u00e4r dig anv\u00e4nda honung p\u00e5 olika vis i mat, bakning och drinkar. Gott och nyttigt med honung. Detta \u00e4r ett recept p\u00e5 cheescake med honung\",\"breadcrumb\":{\"@id\":\"https:\\\/\\\/thehoneyofsweden.com\\\/honungs-och-chokladsnurror-3\\\/#breadcrumb\"},\"inLanguage\":\"ja\",\"potentialAction\":[{\"@type\":\"ReadAction\",\"target\":[\"https:\\\/\\\/thehoneyofsweden.com\\\/honungs-och-chokladsnurror-3\\\/\"]}]},{\"@type\":\"ImageObject\",\"inLanguage\":\"ja\",\"@id\":\"https:\\\/\\\/thehoneyofsweden.com\\\/honungs-och-chokladsnurror-3\\\/#primaryimage\",\"url\":\"https:\\\/\\\/thehoneyofsweden.com\\\/wp-content\\\/uploads\\\/Honungs-och-chokladsnurror-square-1500-x-1500-1024x1024.jpg\",\"contentUrl\":\"https:\\\/\\\/thehoneyofsweden.com\\\/wp-content\\\/uploads\\\/Honungs-och-chokladsnurror-square-1500-x-1500-1024x1024.jpg\"},{\"@type\":\"BreadcrumbList\",\"@id\":\"https:\\\/\\\/thehoneyofsweden.com\\\/honungs-och-chokladsnurror-3\\\/#breadcrumb\",\"itemListElement\":[{\"@type\":\"ListItem\",\"position\":1,\"name\":\"Home\",\"item\":\"https:\\\/\\\/thehoneyofsweden.com\\\/\"},{\"@type\":\"ListItem\",\"position\":2,\"name\":\"Honungs- och chokladsnurror\"}]},{\"@type\":\"WebSite\",\"@id\":\"https:\\\/\\\/thehoneyofsweden.com\\\/ja\\\/#website\",\"url\":\"https:\\\/\\\/thehoneyofsweden.com\\\/ja\\\/\",\"name\":\"The Honey Of Sweden\",\"description\":\"Finest Quality Honey\",\"publisher\":{\"@id\":\"https:\\\/\\\/thehoneyofsweden.com\\\/ja\\\/#organization\"},\"potentialAction\":[{\"@type\":\"SearchAction\",\"target\":{\"@type\":\"EntryPoint\",\"urlTemplate\":\"https:\\\/\\\/thehoneyofsweden.com\\\/ja\\\/?s={search_term_string}\"},\"query-input\":{\"@type\":\"PropertyValueSpecification\",\"valueRequired\":true,\"valueName\":\"search_term_string\"}}],\"inLanguage\":\"ja\"},{\"@type\":\"Organization\",\"@id\":\"https:\\\/\\\/thehoneyofsweden.com\\\/ja\\\/#organization\",\"name\":\"The Honey Of Sweden\",\"url\":\"https:\\\/\\\/thehoneyofsweden.com\\\/ja\\\/\",\"logo\":{\"@type\":\"ImageObject\",\"inLanguage\":\"ja\",\"@id\":\"https:\\\/\\\/thehoneyofsweden.com\\\/ja\\\/#\\\/schema\\\/logo\\\/image\\\/\",\"url\":\"https:\\\/\\\/thehoneyofsweden.com\\\/wp-content\\\/uploads\\\/the-honey-of-sweden-logo-centered.png\",\"contentUrl\":\"https:\\\/\\\/thehoneyofsweden.com\\\/wp-content\\\/uploads\\\/the-honey-of-sweden-logo-centered.png\",\"width\":950,\"height\":624,\"caption\":\"The Honey Of Sweden\"},\"image\":{\"@id\":\"https:\\\/\\\/thehoneyofsweden.com\\\/ja\\\/#\\\/schema\\\/logo\\\/image\\\/\"},\"sameAs\":[\"https:\\\/\\\/www.instagram.com\\\/thehoneyofsweden\\\/\"]}]}<\/script>\n<!-- \/ Yoast SEO plugin. -->","yoast_head_json":{"title":"Honungs- och chokladsnurror - The Honey Of Sweden","description":"V\u00e4lkommen till v\u00e5r receptsamling. L\u00e4r dig anv\u00e4nda honung p\u00e5 olika vis i mat, bakning och drinkar. Gott och nyttigt med honung. Detta \u00e4r ett recept p\u00e5 cheescake med honung","robots":{"index":"index","follow":"follow","max-snippet":"max-snippet:-1","max-image-preview":"max-image-preview:large","max-video-preview":"max-video-preview:-1"},"canonical":"https:\/\/thehoneyofsweden.com\/ja\/honungs-och-chokladsnurror-3\/","og_locale":"ja_JP","og_type":"article","og_title":"Honungs- och chokladsnurror - The Honey Of Sweden","og_description":"V\u00e4lkommen till v\u00e5r receptsamling. L\u00e4r dig anv\u00e4nda honung p\u00e5 olika vis i mat, bakning och drinkar. Gott och nyttigt med honung. Detta \u00e4r ett recept p\u00e5 cheescake med honung","og_url":"https:\/\/thehoneyofsweden.com\/ja\/honungs-och-chokladsnurror-3\/","og_site_name":"The Honey Of Sweden","article_modified_time":"2024-03-24T15:31:58+00:00","og_image":[{"url":"https:\/\/thehoneyofsweden.com\/wp-content\/uploads\/Honungs-och-chokladsnurror-square-1500-x-1500-1024x1024.jpg","type":"","width":"","height":""}],"twitter_card":"summary_large_image","twitter_misc":{"\u63a8\u5b9a\u8aad\u307f\u53d6\u308a\u6642\u9593":"2\u5206"},"schema":{"@context":"https:\/\/schema.org","@graph":[{"@type":"WebPage","@id":"https:\/\/thehoneyofsweden.com\/honungs-och-chokladsnurror-3\/","url":"https:\/\/thehoneyofsweden.com\/honungs-och-chokladsnurror-3\/","name":"Honungs- och chokladsnurror - The Honey Of Sweden","isPartOf":{"@id":"https:\/\/thehoneyofsweden.com\/ja\/#website"},"primaryImageOfPage":{"@id":"https:\/\/thehoneyofsweden.com\/honungs-och-chokladsnurror-3\/#primaryimage"},"image":{"@id":"https:\/\/thehoneyofsweden.com\/honungs-och-chokladsnurror-3\/#primaryimage"},"thumbnailUrl":"https:\/\/thehoneyofsweden.com\/wp-content\/uploads\/Honungs-och-chokladsnurror-square-1500-x-1500-1024x1024.jpg","datePublished":"2024-03-24T15:31:06+00:00","dateModified":"2024-03-24T15:31:58+00:00","description":"V\u00e4lkommen till v\u00e5r receptsamling. L\u00e4r dig anv\u00e4nda honung p\u00e5 olika vis i mat, bakning och drinkar. Gott och nyttigt med honung. Detta \u00e4r ett recept p\u00e5 cheescake med honung","breadcrumb":{"@id":"https:\/\/thehoneyofsweden.com\/honungs-och-chokladsnurror-3\/#breadcrumb"},"inLanguage":"ja","potentialAction":[{"@type":"ReadAction","target":["https:\/\/thehoneyofsweden.com\/honungs-och-chokladsnurror-3\/"]}]},{"@type":"ImageObject","inLanguage":"ja","@id":"https:\/\/thehoneyofsweden.com\/honungs-och-chokladsnurror-3\/#primaryimage","url":"https:\/\/thehoneyofsweden.com\/wp-content\/uploads\/Honungs-och-chokladsnurror-square-1500-x-1500-1024x1024.jpg","contentUrl":"https:\/\/thehoneyofsweden.com\/wp-content\/uploads\/Honungs-och-chokladsnurror-square-1500-x-1500-1024x1024.jpg"},{"@type":"BreadcrumbList","@id":"https:\/\/thehoneyofsweden.com\/honungs-och-chokladsnurror-3\/#breadcrumb","itemListElement":[{"@type":"ListItem","position":1,"name":"Home","item":"https:\/\/thehoneyofsweden.com\/"},{"@type":"ListItem","position":2,"name":"Honungs- och chokladsnurror"}]},{"@type":"WebSite","@id":"https:\/\/thehoneyofsweden.com\/ja\/#website","url":"https:\/\/thehoneyofsweden.com\/ja\/","name":"The Honey Of Sweden","description":"Finest Quality Honey","publisher":{"@id":"https:\/\/thehoneyofsweden.com\/ja\/#organization"},"potentialAction":[{"@type":"SearchAction","target":{"@type":"EntryPoint","urlTemplate":"https:\/\/thehoneyofsweden.com\/ja\/?s={search_term_string}"},"query-input":{"@type":"PropertyValueSpecification","valueRequired":true,"valueName":"search_term_string"}}],"inLanguage":"ja"},{"@type":"Organization","@id":"https:\/\/thehoneyofsweden.com\/ja\/#organization","name":"The Honey Of Sweden","url":"https:\/\/thehoneyofsweden.com\/ja\/","logo":{"@type":"ImageObject","inLanguage":"ja","@id":"https:\/\/thehoneyofsweden.com\/ja\/#\/schema\/logo\/image\/","url":"https:\/\/thehoneyofsweden.com\/wp-content\/uploads\/the-honey-of-sweden-logo-centered.png","contentUrl":"https:\/\/thehoneyofsweden.com\/wp-content\/uploads\/the-honey-of-sweden-logo-centered.png","width":950,"height":624,"caption":"The Honey Of Sweden"},"image":{"@id":"https:\/\/thehoneyofsweden.com\/ja\/#\/schema\/logo\/image\/"},"sameAs":["https:\/\/www.instagram.com\/thehoneyofsweden\/"]}]}},"_links":{"self":[{"href":"https:\/\/thehoneyofsweden.com\/ja\/wp-json\/wp\/v2\/pages\/3513","targetHints":{"allow":["GET"]}}],"collection":[{"href":"https:\/\/thehoneyofsweden.com\/ja\/wp-json\/wp\/v2\/pages"}],"about":[{"href":"https:\/\/thehoneyofsweden.com\/ja\/wp-json\/wp\/v2\/types\/page"}],"author":[{"embeddable":true,"href":"https:\/\/thehoneyofsweden.com\/ja\/wp-json\/wp\/v2\/users\/2"}],"replies":[{"embeddable":true,"href":"https:\/\/thehoneyofsweden.com\/ja\/wp-json\/wp\/v2\/comments?post=3513"}],"version-history":[{"count":2,"href":"https:\/\/thehoneyofsweden.com\/ja\/wp-json\/wp\/v2\/pages\/3513\/revisions"}],"predecessor-version":[{"id":3515,"href":"https:\/\/thehoneyofsweden.com\/ja\/wp-json\/wp\/v2\/pages\/3513\/revisions\/3515"}],"wp:attachment":[{"href":"https:\/\/thehoneyofsweden.com\/ja\/wp-json\/wp\/v2\/media?parent=3513"}],"curies":[{"name":"wp","href":"https:\/\/api.w.org\/{rel}","templated":true}]}}