{"id":2381,"date":"2023-10-17T13:24:52","date_gmt":"2023-10-17T11:24:52","guid":{"rendered":"https:\/\/thehoneyofsweden.com\/?page_id=2381"},"modified":"2024-07-11T16:06:03","modified_gmt":"2024-07-11T14:06:03","slug":"honungsbeskrivning","status":"publish","type":"page","link":"https:\/\/thehoneyofsweden.com\/en\/honungsbeskrivning\/","title":{"rendered":"Honungsbeskrivning"},"content":{"rendered":"\n<p>Detta \u00e4r honung fr\u00e5n mitten av sommaren, nedtar som bina samlat under juni-juli.<\/p>\n\n\n\n<p>Nektarn kommer fr\u00e4mst ifr\u00e5n Kl\u00f6ver, Lind och Rallarros. Smaken p\u00e5minner om kola med ett st\u00e4nk av vanilj och p\u00e5 slutet kan en viss syra f\u00f6rnimmas.<\/p>\n\n\n\n<p>Den h\u00e4r honungen \u00e4r ganska l\u00f6s i konsistensen, utan att f\u00f6r den skull vara flytande, men kan med l\u00e4tthet ringlas \u00f6ver muslin, filen, en sk\u00e5l med b\u00e4r eller vad du \u00e4n anv\u00e4nder honung till!<\/p>\n\n\n\n<p>Det geografiska ursprunget \u00e4r de vs\u00e4tra delarna av Sm\u00e5land, ett blandat landskap d\u00e4r bina flyger mellan skog och \u00e4ng, inte l\u00e5ngt ifr\u00e5n samh\u00e4llet Gnosj\u00f6.<\/p>\n\n\n\n<p><\/p>\n\n\n\n<div class=\"wp-block-columns are-vertically-aligned-center is-layout-flex wp-container-core-columns-is-layout-9d6595d7 wp-block-columns-is-layout-flex\">\n<div class=\"wp-block-column is-vertically-aligned-center is-layout-flow wp-block-column-is-layout-flow\" style=\"flex-basis:100%\">\n<figure class=\"gb-block-image gb-block-image-8987a04f\"><img fetchpriority=\"high\" decoding=\"async\" width=\"1560\" height=\"2340\" class=\"gb-image gb-image-8987a04f\" src=\"https:\/\/thehoneyofsweden.com\/wp-content\/uploads\/400-g-SE-1560-x-2340.jpg\" alt=\"\" title=\"400 g SE 1560 x 2340\" srcset=\"https:\/\/thehoneyofsweden.com\/wp-content\/uploads\/400-g-SE-1560-x-2340.jpg 1560w, https:\/\/thehoneyofsweden.com\/wp-content\/uploads\/400-g-SE-1560-x-2340-200x300.jpg 200w, https:\/\/thehoneyofsweden.com\/wp-content\/uploads\/400-g-SE-1560-x-2340-683x1024.jpg 683w, https:\/\/thehoneyofsweden.com\/wp-content\/uploads\/400-g-SE-1560-x-2340-768x1152.jpg 768w, https:\/\/thehoneyofsweden.com\/wp-content\/uploads\/400-g-SE-1560-x-2340-1024x1536.jpg 1024w, https:\/\/thehoneyofsweden.com\/wp-content\/uploads\/400-g-SE-1560-x-2340-1365x2048.jpg 1365w, https:\/\/thehoneyofsweden.com\/wp-content\/uploads\/400-g-SE-1560-x-2340-8x12.jpg 8w, https:\/\/thehoneyofsweden.com\/wp-content\/uploads\/400-g-SE-1560-x-2340-600x900.jpg 600w\" sizes=\"(max-width: 1560px) 100vw, 1560px\" \/><\/figure>\n<\/div>\n<\/div>\n","protected":false},"excerpt":{"rendered":"<p>Detta \u00e4r honung fr\u00e5n mitten av sommaren, nedtar som bina samlat under juni-juli. Nektarn kommer fr\u00e4mst ifr\u00e5n Kl\u00f6ver, Lind och Rallarros. Smaken p\u00e5minner om kola med ett st\u00e4nk av vanilj och p\u00e5 slutet kan en viss syra f\u00f6rnimmas. Den h\u00e4r honungen \u00e4r ganska l\u00f6s i konsistensen, utan att f\u00f6r den skull vara flytande, men kan &#8230; <a title=\"Honungsbeskrivning\" class=\"read-more\" href=\"https:\/\/thehoneyofsweden.com\/en\/honungsbeskrivning\/\" aria-label=\"Read more about Honungsbeskrivning\">Read more<\/a><\/p>\n","protected":false},"author":2,"featured_media":0,"parent":0,"menu_order":0,"comment_status":"closed","ping_status":"closed","template":"","meta":{"footnotes":""},"class_list":["post-2381","page","type-page","status-publish"],"acf":[],"yoast_head":"<!-- This site is optimized with the Yoast SEO plugin v27.1.1 - https:\/\/yoast.com\/product\/yoast-seo-wordpress\/ -->\n<title>Honungsbeskrivning - The Honey Of Sweden<\/title>\n<meta name=\"robots\" content=\"index, follow, max-snippet:-1, max-image-preview:large, max-video-preview:-1\" \/>\n<link rel=\"canonical\" href=\"https:\/\/thehoneyofsweden.com\/en\/honungsbeskrivning\/\" \/>\n<meta property=\"og:locale\" content=\"en_US\" \/>\n<meta property=\"og:type\" content=\"article\" \/>\n<meta property=\"og:title\" content=\"Honungsbeskrivning - The Honey Of Sweden\" \/>\n<meta property=\"og:description\" content=\"Detta \u00e4r honung fr\u00e5n mitten av sommaren, nedtar som bina samlat under juni-juli. Nektarn kommer fr\u00e4mst ifr\u00e5n Kl\u00f6ver, Lind och Rallarros. Smaken p\u00e5minner om kola med ett st\u00e4nk av vanilj och p\u00e5 slutet kan en viss syra f\u00f6rnimmas. Den h\u00e4r honungen \u00e4r ganska l\u00f6s i konsistensen, utan att f\u00f6r den skull vara flytande, men kan ... Read more\" \/>\n<meta property=\"og:url\" content=\"https:\/\/thehoneyofsweden.com\/en\/honungsbeskrivning\/\" \/>\n<meta property=\"og:site_name\" content=\"The Honey Of Sweden\" \/>\n<meta property=\"article:modified_time\" content=\"2024-07-11T14:06:03+00:00\" \/>\n<meta property=\"og:image\" content=\"https:\/\/thehoneyofsweden.com\/wp-content\/uploads\/400-g-SE-1560-x-2340.jpg\" \/>\n<meta name=\"twitter:card\" content=\"summary_large_image\" \/>\n<meta name=\"twitter:label1\" content=\"Est. reading time\" \/>\n\t<meta name=\"twitter:data1\" content=\"1 minute\" \/>\n<script type=\"application\/ld+json\" class=\"yoast-schema-graph\">{\"@context\":\"https:\/\/schema.org\",\"@graph\":[{\"@type\":\"WebPage\",\"@id\":\"https:\/\/thehoneyofsweden.com\/honungsbeskrivning\/\",\"url\":\"https:\/\/thehoneyofsweden.com\/honungsbeskrivning\/\",\"name\":\"Honungsbeskrivning - The Honey Of Sweden\",\"isPartOf\":{\"@id\":\"https:\/\/thehoneyofsweden.com\/en\/#website\"},\"primaryImageOfPage\":{\"@id\":\"https:\/\/thehoneyofsweden.com\/honungsbeskrivning\/#primaryimage\"},\"image\":{\"@id\":\"https:\/\/thehoneyofsweden.com\/honungsbeskrivning\/#primaryimage\"},\"thumbnailUrl\":\"https:\/\/thehoneyofsweden.com\/wp-content\/uploads\/400-g-SE-1560-x-2340.jpg\",\"datePublished\":\"2023-10-17T11:24:52+00:00\",\"dateModified\":\"2024-07-11T14:06:03+00:00\",\"breadcrumb\":{\"@id\":\"https:\/\/thehoneyofsweden.com\/honungsbeskrivning\/#breadcrumb\"},\"inLanguage\":\"en-US\",\"potentialAction\":[{\"@type\":\"ReadAction\",\"target\":[\"https:\/\/thehoneyofsweden.com\/honungsbeskrivning\/\"]}]},{\"@type\":\"ImageObject\",\"inLanguage\":\"en-US\",\"@id\":\"https:\/\/thehoneyofsweden.com\/honungsbeskrivning\/#primaryimage\",\"url\":\"https:\/\/thehoneyofsweden.com\/wp-content\/uploads\/400-g-SE-1560-x-2340.jpg\",\"contentUrl\":\"https:\/\/thehoneyofsweden.com\/wp-content\/uploads\/400-g-SE-1560-x-2340.jpg\"},{\"@type\":\"BreadcrumbList\",\"@id\":\"https:\/\/thehoneyofsweden.com\/honungsbeskrivning\/#breadcrumb\",\"itemListElement\":[{\"@type\":\"ListItem\",\"position\":1,\"name\":\"Home\",\"item\":\"https:\/\/thehoneyofsweden.com\/\"},{\"@type\":\"ListItem\",\"position\":2,\"name\":\"Description of honey\"}]},{\"@type\":\"WebSite\",\"@id\":\"https:\/\/thehoneyofsweden.com\/en\/#website\",\"url\":\"https:\/\/thehoneyofsweden.com\/en\/\",\"name\":\"The Honey Of Sweden\",\"description\":\"Finest Quality Honey\",\"publisher\":{\"@id\":\"https:\/\/thehoneyofsweden.com\/en\/#organization\"},\"potentialAction\":[{\"@type\":\"SearchAction\",\"target\":{\"@type\":\"EntryPoint\",\"urlTemplate\":\"https:\/\/thehoneyofsweden.com\/en\/?s={search_term_string}\"},\"query-input\":{\"@type\":\"PropertyValueSpecification\",\"valueRequired\":true,\"valueName\":\"search_term_string\"}}],\"inLanguage\":\"en-US\"},{\"@type\":\"Organization\",\"@id\":\"https:\/\/thehoneyofsweden.com\/en\/#organization\",\"name\":\"The Honey Of Sweden\",\"url\":\"https:\/\/thehoneyofsweden.com\/en\/\",\"logo\":{\"@type\":\"ImageObject\",\"inLanguage\":\"en-US\",\"@id\":\"https:\/\/thehoneyofsweden.com\/en\/#\/schema\/logo\/image\/\",\"url\":\"https:\/\/thehoneyofsweden.com\/wp-content\/uploads\/the-honey-of-sweden-logo-centered.png\",\"contentUrl\":\"https:\/\/thehoneyofsweden.com\/wp-content\/uploads\/the-honey-of-sweden-logo-centered.png\",\"width\":950,\"height\":624,\"caption\":\"The Honey Of Sweden\"},\"image\":{\"@id\":\"https:\/\/thehoneyofsweden.com\/en\/#\/schema\/logo\/image\/\"},\"sameAs\":[\"https:\/\/www.instagram.com\/thehoneyofsweden\/\"]}]}<\/script>\n<!-- \/ Yoast SEO plugin. -->","yoast_head_json":{"title":"Honungsbeskrivning - The Honey Of Sweden","robots":{"index":"index","follow":"follow","max-snippet":"max-snippet:-1","max-image-preview":"max-image-preview:large","max-video-preview":"max-video-preview:-1"},"canonical":"https:\/\/thehoneyofsweden.com\/en\/honungsbeskrivning\/","og_locale":"en_US","og_type":"article","og_title":"Honungsbeskrivning - The Honey Of Sweden","og_description":"Detta \u00e4r honung fr\u00e5n mitten av sommaren, nedtar som bina samlat under juni-juli. Nektarn kommer fr\u00e4mst ifr\u00e5n Kl\u00f6ver, Lind och Rallarros. Smaken p\u00e5minner om kola med ett st\u00e4nk av vanilj och p\u00e5 slutet kan en viss syra f\u00f6rnimmas. Den h\u00e4r honungen \u00e4r ganska l\u00f6s i konsistensen, utan att f\u00f6r den skull vara flytande, men kan ... Read more","og_url":"https:\/\/thehoneyofsweden.com\/en\/honungsbeskrivning\/","og_site_name":"The Honey Of Sweden","article_modified_time":"2024-07-11T14:06:03+00:00","og_image":[{"url":"https:\/\/thehoneyofsweden.com\/wp-content\/uploads\/400-g-SE-1560-x-2340.jpg","type":"","width":"","height":""}],"twitter_card":"summary_large_image","twitter_misc":{"Est. reading time":"1 minute"},"schema":{"@context":"https:\/\/schema.org","@graph":[{"@type":"WebPage","@id":"https:\/\/thehoneyofsweden.com\/honungsbeskrivning\/","url":"https:\/\/thehoneyofsweden.com\/honungsbeskrivning\/","name":"Honungsbeskrivning - The Honey Of Sweden","isPartOf":{"@id":"https:\/\/thehoneyofsweden.com\/en\/#website"},"primaryImageOfPage":{"@id":"https:\/\/thehoneyofsweden.com\/honungsbeskrivning\/#primaryimage"},"image":{"@id":"https:\/\/thehoneyofsweden.com\/honungsbeskrivning\/#primaryimage"},"thumbnailUrl":"https:\/\/thehoneyofsweden.com\/wp-content\/uploads\/400-g-SE-1560-x-2340.jpg","datePublished":"2023-10-17T11:24:52+00:00","dateModified":"2024-07-11T14:06:03+00:00","breadcrumb":{"@id":"https:\/\/thehoneyofsweden.com\/honungsbeskrivning\/#breadcrumb"},"inLanguage":"en-US","potentialAction":[{"@type":"ReadAction","target":["https:\/\/thehoneyofsweden.com\/honungsbeskrivning\/"]}]},{"@type":"ImageObject","inLanguage":"en-US","@id":"https:\/\/thehoneyofsweden.com\/honungsbeskrivning\/#primaryimage","url":"https:\/\/thehoneyofsweden.com\/wp-content\/uploads\/400-g-SE-1560-x-2340.jpg","contentUrl":"https:\/\/thehoneyofsweden.com\/wp-content\/uploads\/400-g-SE-1560-x-2340.jpg"},{"@type":"BreadcrumbList","@id":"https:\/\/thehoneyofsweden.com\/honungsbeskrivning\/#breadcrumb","itemListElement":[{"@type":"ListItem","position":1,"name":"Home","item":"https:\/\/thehoneyofsweden.com\/"},{"@type":"ListItem","position":2,"name":"Description of honey"}]},{"@type":"WebSite","@id":"https:\/\/thehoneyofsweden.com\/en\/#website","url":"https:\/\/thehoneyofsweden.com\/en\/","name":"The Honey Of Sweden","description":"Finest Quality Honey","publisher":{"@id":"https:\/\/thehoneyofsweden.com\/en\/#organization"},"potentialAction":[{"@type":"SearchAction","target":{"@type":"EntryPoint","urlTemplate":"https:\/\/thehoneyofsweden.com\/en\/?s={search_term_string}"},"query-input":{"@type":"PropertyValueSpecification","valueRequired":true,"valueName":"search_term_string"}}],"inLanguage":"en-US"},{"@type":"Organization","@id":"https:\/\/thehoneyofsweden.com\/en\/#organization","name":"The Honey Of Sweden","url":"https:\/\/thehoneyofsweden.com\/en\/","logo":{"@type":"ImageObject","inLanguage":"en-US","@id":"https:\/\/thehoneyofsweden.com\/en\/#\/schema\/logo\/image\/","url":"https:\/\/thehoneyofsweden.com\/wp-content\/uploads\/the-honey-of-sweden-logo-centered.png","contentUrl":"https:\/\/thehoneyofsweden.com\/wp-content\/uploads\/the-honey-of-sweden-logo-centered.png","width":950,"height":624,"caption":"The Honey Of Sweden"},"image":{"@id":"https:\/\/thehoneyofsweden.com\/en\/#\/schema\/logo\/image\/"},"sameAs":["https:\/\/www.instagram.com\/thehoneyofsweden\/"]}]}},"_links":{"self":[{"href":"https:\/\/thehoneyofsweden.com\/en\/wp-json\/wp\/v2\/pages\/2381","targetHints":{"allow":["GET"]}}],"collection":[{"href":"https:\/\/thehoneyofsweden.com\/en\/wp-json\/wp\/v2\/pages"}],"about":[{"href":"https:\/\/thehoneyofsweden.com\/en\/wp-json\/wp\/v2\/types\/page"}],"author":[{"embeddable":true,"href":"https:\/\/thehoneyofsweden.com\/en\/wp-json\/wp\/v2\/users\/2"}],"replies":[{"embeddable":true,"href":"https:\/\/thehoneyofsweden.com\/en\/wp-json\/wp\/v2\/comments?post=2381"}],"version-history":[{"count":7,"href":"https:\/\/thehoneyofsweden.com\/en\/wp-json\/wp\/v2\/pages\/2381\/revisions"}],"predecessor-version":[{"id":5111,"href":"https:\/\/thehoneyofsweden.com\/en\/wp-json\/wp\/v2\/pages\/2381\/revisions\/5111"}],"wp:attachment":[{"href":"https:\/\/thehoneyofsweden.com\/en\/wp-json\/wp\/v2\/media?parent=2381"}],"curies":[{"name":"wp","href":"https:\/\/api.w.org\/{rel}","templated":true}]}}