{"id":4489,"date":"2024-05-27T12:25:03","date_gmt":"2024-05-27T10:25:03","guid":{"rendered":"https:\/\/thehoneyofsweden.com\/?post_type=product&#038;p=4489"},"modified":"2026-04-06T20:33:47","modified_gmt":"2026-04-06T18:33:47","slug":"the-honey-of-sweden-400-g","status":"publish","type":"product","link":"https:\/\/thehoneyofsweden.com\/de\/produkt\/the-honey-of-sweden-400-g\/","title":{"rendered":"THE HONEY Of Sweden 400 g"},"content":{"rendered":"","protected":false},"excerpt":{"rendered":"<p>Denna honung har smaker som p\u00e5minner om kola och frukt. Smakerna kommer i olika etapper n\u00e4r du tar dig tid att verkligen koncentrera dig och smaka p\u00e5 honungen.<\/p>\n<p>Den h\u00e4r honungen \u00e4r ganska l\u00f6s i konsistensen, utan att f\u00f6r den skull vara flytande, men kan med l\u00e4tthet ringlas \u00f6ver muslin, filen, en sk\u00e5l med b\u00e4r eller vad du \u00e4n anv\u00e4nder honung till!<\/p>\n<p>Honungen \u00e4r fr\u00e5n Sm\u00e5land. Den har en ljus f\u00e4rg och \u00e4r len som sammet.<\/p>\n<p>&nbsp;<\/p>\n<p>&nbsp;<\/p>\n<p>&nbsp;<\/p>","protected":false},"featured_media":4488,"comment_status":"closed","ping_status":"closed","template":"","meta":[],"product_brand":[],"product_cat":[23,18],"product_tag":[],"class_list":{"0":"post-4489","1":"product","2":"type-product","3":"status-publish","4":"has-post-thumbnail","6":"product_cat-swedish","7":"product_cat-uncategorized","8":"sales-flash-overlay","9":"woocommerce-text-align-center","10":"woocommerce-image-align-center","11":"do-quantity-buttons","13":"first","14":"instock","15":"taxable","16":"shipping-taxable","17":"purchasable","18":"product-type-simple"},"acf":[],"yoast_head":"<!-- This site is optimized with the Yoast SEO plugin v27.1.1 - https:\/\/yoast.com\/product\/yoast-seo-wordpress\/ -->\n<title>THE HONEY Of Sweden 400 g - The Honey Of Sweden<\/title>\n<meta name=\"description\" content=\"Kvalitetshonung fr\u00e5n Sm\u00e5land 400 gram I The Honey of Sweden I Fruktig smak med inslag av kola\" \/>\n<meta name=\"robots\" content=\"index, follow, max-snippet:-1, max-image-preview:large, max-video-preview:-1\" \/>\n<link rel=\"canonical\" href=\"https:\/\/thehoneyofsweden.com\/de\/produkt\/the-honey-of-sweden-400-g\/\" \/>\n<meta property=\"og:locale\" content=\"de_DE\" \/>\n<meta property=\"og:type\" content=\"article\" \/>\n<meta property=\"og:title\" content=\"THE HONEY Of Sweden 400 g - The Honey Of Sweden\" \/>\n<meta property=\"og:description\" content=\"Kvalitetshonung fr\u00e5n Sm\u00e5land 400 gram I The Honey of Sweden I Fruktig smak med inslag av kola\" \/>\n<meta property=\"og:url\" content=\"https:\/\/thehoneyofsweden.com\/de\/produkt\/the-honey-of-sweden-400-g\/\" \/>\n<meta property=\"og:site_name\" content=\"The Honey Of Sweden\" \/>\n<meta property=\"article:modified_time\" content=\"2026-04-06T18:33:47+00:00\" \/>\n<meta property=\"og:image\" content=\"https:\/\/thehoneyofsweden.com\/wp-content\/uploads\/400-g-SE-1560-x-2340.jpg\" \/>\n\t<meta property=\"og:image:width\" content=\"1560\" \/>\n\t<meta property=\"og:image:height\" content=\"2340\" \/>\n\t<meta property=\"og:image:type\" content=\"image\/jpeg\" \/>\n<meta name=\"twitter:card\" content=\"summary_large_image\" \/>\n<meta name=\"twitter:label1\" content=\"Gesch\u00e4tzte Lesezeit\" \/>\n\t<meta name=\"twitter:data1\" content=\"1\u00a0Minute\" \/>\n<script type=\"application\/ld+json\" class=\"yoast-schema-graph\">{\"@context\":\"https:\/\/schema.org\",\"@graph\":[{\"@type\":\"WebPage\",\"@id\":\"https:\/\/thehoneyofsweden.com\/de\/produkt\/the-honey-of-sweden-400-g\/\",\"url\":\"https:\/\/thehoneyofsweden.com\/de\/produkt\/the-honey-of-sweden-400-g\/\",\"name\":\"THE HONEY Of Sweden 400 g - The Honey Of Sweden\",\"isPartOf\":{\"@id\":\"https:\/\/thehoneyofsweden.com\/de\/#website\"},\"primaryImageOfPage\":{\"@id\":\"https:\/\/thehoneyofsweden.com\/de\/produkt\/the-honey-of-sweden-400-g\/#primaryimage\"},\"image\":{\"@id\":\"https:\/\/thehoneyofsweden.com\/de\/produkt\/the-honey-of-sweden-400-g\/#primaryimage\"},\"thumbnailUrl\":\"https:\/\/thehoneyofsweden.com\/wp-content\/uploads\/400-g-SE-1560-x-2340.jpg\",\"datePublished\":\"2024-05-27T10:25:03+00:00\",\"dateModified\":\"2026-04-06T18:33:47+00:00\",\"description\":\"Kvalitetshonung fr\u00e5n Sm\u00e5land 400 gram I The Honey of Sweden I Fruktig smak med inslag av kola\",\"breadcrumb\":{\"@id\":\"https:\/\/thehoneyofsweden.com\/de\/produkt\/the-honey-of-sweden-400-g\/#breadcrumb\"},\"inLanguage\":\"de\",\"potentialAction\":[{\"@type\":\"ReadAction\",\"target\":[\"https:\/\/thehoneyofsweden.com\/de\/produkt\/the-honey-of-sweden-400-g\/\"]}]},{\"@type\":\"ImageObject\",\"inLanguage\":\"de\",\"@id\":\"https:\/\/thehoneyofsweden.com\/de\/produkt\/the-honey-of-sweden-400-g\/#primaryimage\",\"url\":\"https:\/\/thehoneyofsweden.com\/wp-content\/uploads\/400-g-SE-1560-x-2340.jpg\",\"contentUrl\":\"https:\/\/thehoneyofsweden.com\/wp-content\/uploads\/400-g-SE-1560-x-2340.jpg\",\"width\":1560,\"height\":2340},{\"@type\":\"BreadcrumbList\",\"@id\":\"https:\/\/thehoneyofsweden.com\/de\/produkt\/the-honey-of-sweden-400-g\/#breadcrumb\",\"itemListElement\":[{\"@type\":\"ListItem\",\"position\":1,\"name\":\"Home\",\"item\":\"https:\/\/thehoneyofsweden.com\/\"},{\"@type\":\"ListItem\",\"position\":2,\"name\":\"Shop\",\"item\":\"https:\/\/thehoneyofsweden.com\/shop\/\"},{\"@type\":\"ListItem\",\"position\":3,\"name\":\"THE HONEY Of Sweden 400 g\"}]},{\"@type\":\"WebSite\",\"@id\":\"https:\/\/thehoneyofsweden.com\/de\/#website\",\"url\":\"https:\/\/thehoneyofsweden.com\/de\/\",\"name\":\"The Honey Of Sweden\",\"description\":\"Finest Quality Honey\",\"publisher\":{\"@id\":\"https:\/\/thehoneyofsweden.com\/de\/#organization\"},\"potentialAction\":[{\"@type\":\"SearchAction\",\"target\":{\"@type\":\"EntryPoint\",\"urlTemplate\":\"https:\/\/thehoneyofsweden.com\/de\/?s={search_term_string}\"},\"query-input\":{\"@type\":\"PropertyValueSpecification\",\"valueRequired\":true,\"valueName\":\"search_term_string\"}}],\"inLanguage\":\"de\"},{\"@type\":\"Organization\",\"@id\":\"https:\/\/thehoneyofsweden.com\/de\/#organization\",\"name\":\"The Honey Of Sweden\",\"url\":\"https:\/\/thehoneyofsweden.com\/de\/\",\"logo\":{\"@type\":\"ImageObject\",\"inLanguage\":\"de\",\"@id\":\"https:\/\/thehoneyofsweden.com\/de\/#\/schema\/logo\/image\/\",\"url\":\"https:\/\/thehoneyofsweden.com\/wp-content\/uploads\/the-honey-of-sweden-logo-centered.png\",\"contentUrl\":\"https:\/\/thehoneyofsweden.com\/wp-content\/uploads\/the-honey-of-sweden-logo-centered.png\",\"width\":950,\"height\":624,\"caption\":\"The Honey Of Sweden\"},\"image\":{\"@id\":\"https:\/\/thehoneyofsweden.com\/de\/#\/schema\/logo\/image\/\"},\"sameAs\":[\"https:\/\/www.instagram.com\/thehoneyofsweden\/\"]}]}<\/script>\n<!-- \/ Yoast SEO plugin. -->","yoast_head_json":{"title":"THE HONEY Of Sweden 400 g - The Honey Of Sweden","description":"Kvalitetshonung fr\u00e5n Sm\u00e5land 400 gram I The Honey of Sweden I Fruktig smak med inslag av kola","robots":{"index":"index","follow":"follow","max-snippet":"max-snippet:-1","max-image-preview":"max-image-preview:large","max-video-preview":"max-video-preview:-1"},"canonical":"https:\/\/thehoneyofsweden.com\/de\/produkt\/the-honey-of-sweden-400-g\/","og_locale":"de_DE","og_type":"article","og_title":"THE HONEY Of Sweden 400 g - The Honey Of Sweden","og_description":"Kvalitetshonung fr\u00e5n Sm\u00e5land 400 gram I The Honey of Sweden I Fruktig smak med inslag av kola","og_url":"https:\/\/thehoneyofsweden.com\/de\/produkt\/the-honey-of-sweden-400-g\/","og_site_name":"The Honey Of Sweden","article_modified_time":"2026-04-06T18:33:47+00:00","og_image":[{"width":1560,"height":2340,"url":"https:\/\/thehoneyofsweden.com\/wp-content\/uploads\/400-g-SE-1560-x-2340.jpg","type":"image\/jpeg"}],"twitter_card":"summary_large_image","twitter_misc":{"Gesch\u00e4tzte Lesezeit":"1\u00a0Minute"},"schema":{"@context":"https:\/\/schema.org","@graph":[{"@type":"WebPage","@id":"https:\/\/thehoneyofsweden.com\/de\/produkt\/the-honey-of-sweden-400-g\/","url":"https:\/\/thehoneyofsweden.com\/de\/produkt\/the-honey-of-sweden-400-g\/","name":"THE HONEY Of Sweden 400 g - The Honey Of Sweden","isPartOf":{"@id":"https:\/\/thehoneyofsweden.com\/de\/#website"},"primaryImageOfPage":{"@id":"https:\/\/thehoneyofsweden.com\/de\/produkt\/the-honey-of-sweden-400-g\/#primaryimage"},"image":{"@id":"https:\/\/thehoneyofsweden.com\/de\/produkt\/the-honey-of-sweden-400-g\/#primaryimage"},"thumbnailUrl":"https:\/\/thehoneyofsweden.com\/wp-content\/uploads\/400-g-SE-1560-x-2340.jpg","datePublished":"2024-05-27T10:25:03+00:00","dateModified":"2026-04-06T18:33:47+00:00","description":"Kvalitetshonung fr\u00e5n Sm\u00e5land 400 gram I The Honey of Sweden I Fruktig smak med inslag av kola","breadcrumb":{"@id":"https:\/\/thehoneyofsweden.com\/de\/produkt\/the-honey-of-sweden-400-g\/#breadcrumb"},"inLanguage":"de","potentialAction":[{"@type":"ReadAction","target":["https:\/\/thehoneyofsweden.com\/de\/produkt\/the-honey-of-sweden-400-g\/"]}]},{"@type":"ImageObject","inLanguage":"de","@id":"https:\/\/thehoneyofsweden.com\/de\/produkt\/the-honey-of-sweden-400-g\/#primaryimage","url":"https:\/\/thehoneyofsweden.com\/wp-content\/uploads\/400-g-SE-1560-x-2340.jpg","contentUrl":"https:\/\/thehoneyofsweden.com\/wp-content\/uploads\/400-g-SE-1560-x-2340.jpg","width":1560,"height":2340},{"@type":"BreadcrumbList","@id":"https:\/\/thehoneyofsweden.com\/de\/produkt\/the-honey-of-sweden-400-g\/#breadcrumb","itemListElement":[{"@type":"ListItem","position":1,"name":"Home","item":"https:\/\/thehoneyofsweden.com\/"},{"@type":"ListItem","position":2,"name":"Shop","item":"https:\/\/thehoneyofsweden.com\/shop\/"},{"@type":"ListItem","position":3,"name":"THE HONEY Of Sweden 400 g"}]},{"@type":"WebSite","@id":"https:\/\/thehoneyofsweden.com\/de\/#website","url":"https:\/\/thehoneyofsweden.com\/de\/","name":"The Honey Of Sweden","description":"Finest Quality Honey","publisher":{"@id":"https:\/\/thehoneyofsweden.com\/de\/#organization"},"potentialAction":[{"@type":"SearchAction","target":{"@type":"EntryPoint","urlTemplate":"https:\/\/thehoneyofsweden.com\/de\/?s={search_term_string}"},"query-input":{"@type":"PropertyValueSpecification","valueRequired":true,"valueName":"search_term_string"}}],"inLanguage":"de"},{"@type":"Organization","@id":"https:\/\/thehoneyofsweden.com\/de\/#organization","name":"The Honey Of Sweden","url":"https:\/\/thehoneyofsweden.com\/de\/","logo":{"@type":"ImageObject","inLanguage":"de","@id":"https:\/\/thehoneyofsweden.com\/de\/#\/schema\/logo\/image\/","url":"https:\/\/thehoneyofsweden.com\/wp-content\/uploads\/the-honey-of-sweden-logo-centered.png","contentUrl":"https:\/\/thehoneyofsweden.com\/wp-content\/uploads\/the-honey-of-sweden-logo-centered.png","width":950,"height":624,"caption":"The Honey Of Sweden"},"image":{"@id":"https:\/\/thehoneyofsweden.com\/de\/#\/schema\/logo\/image\/"},"sameAs":["https:\/\/www.instagram.com\/thehoneyofsweden\/"]}]}},"_links":{"self":[{"href":"https:\/\/thehoneyofsweden.com\/de\/wp-json\/wp\/v2\/product\/4489","targetHints":{"allow":["GET"]}}],"collection":[{"href":"https:\/\/thehoneyofsweden.com\/de\/wp-json\/wp\/v2\/product"}],"about":[{"href":"https:\/\/thehoneyofsweden.com\/de\/wp-json\/wp\/v2\/types\/product"}],"replies":[{"embeddable":true,"href":"https:\/\/thehoneyofsweden.com\/de\/wp-json\/wp\/v2\/comments?post=4489"}],"wp:featuredmedia":[{"embeddable":true,"href":"https:\/\/thehoneyofsweden.com\/de\/wp-json\/wp\/v2\/media\/4488"}],"wp:attachment":[{"href":"https:\/\/thehoneyofsweden.com\/de\/wp-json\/wp\/v2\/media?parent=4489"}],"wp:term":[{"taxonomy":"product_brand","embeddable":true,"href":"https:\/\/thehoneyofsweden.com\/de\/wp-json\/wp\/v2\/product_brand?post=4489"},{"taxonomy":"product_cat","embeddable":true,"href":"https:\/\/thehoneyofsweden.com\/de\/wp-json\/wp\/v2\/product_cat?post=4489"},{"taxonomy":"product_tag","embeddable":true,"href":"https:\/\/thehoneyofsweden.com\/de\/wp-json\/wp\/v2\/product_tag?post=4489"}],"curies":[{"name":"wp","href":"https:\/\/api.w.org\/{rel}","templated":true}]}}