{"id":2170,"date":"2023-09-10T16:42:58","date_gmt":"2023-09-10T14:42:58","guid":{"rendered":"https:\/\/thehoneyofsweden.com\/?post_type=product&#038;p=2170"},"modified":"2026-02-13T09:19:28","modified_gmt":"2026-02-13T08:19:28","slug":"the-honey-of-sweden-honungsvinager-50-ml","status":"publish","type":"product","link":"https:\/\/thehoneyofsweden.com\/de\/produkt\/the-honey-of-sweden-honungsvinager-50-ml\/","title":{"rendered":"THE HONEY of Sweden Honungsvin\u00e4ger 50 ml"},"content":{"rendered":"<p>Produktbeskrivning<\/p>","protected":false},"excerpt":{"rendered":"<p>Honungsvin\u00e4ger.<\/p>\n<p>Detta \u00e4r ett svenskt mathantverk. V\u00e5r honungsvin\u00e4ger \u00e4r gjord fr\u00e5n grunden och tillverkad av svenska r\u00e5varor i Sverige.<\/p>\n<p>Den best\u00e5r av honung och vatten och \u00e4r helt utan tillsatser. F\u00e4rg och smak \u00e4r helt naturlig.<\/p>\n<p>Anv\u00e4nd till exempel n\u00e4r du g\u00f6r dressing till din sallad.<\/p>\n<p>\u00d6ppnad f\u00f6rpackning f\u00f6rvaras i kyl med korken p\u00e5.<\/p>","protected":false},"featured_media":3744,"comment_status":"open","ping_status":"closed","template":"","meta":[],"product_brand":[],"product_cat":[23,18],"product_tag":[],"class_list":{"0":"post-2170","1":"product","2":"type-product","3":"status-publish","4":"has-post-thumbnail","6":"product_cat-swedish","7":"product_cat-uncategorized","8":"sales-flash-overlay","9":"woocommerce-text-align-center","10":"woocommerce-image-align-center","11":"do-quantity-buttons","12":"wc-has-gallery","14":"first","15":"instock","16":"taxable","17":"shipping-taxable","18":"purchasable","19":"product-type-simple"},"acf":[],"yoast_head":"<!-- This site is optimized with the Yoast SEO plugin v27.1.1 - https:\/\/yoast.com\/product\/yoast-seo-wordpress\/ -->\n<title>THE HONEY of Sweden Honungsvin\u00e4ger 50 ml - The Honey Of Sweden<\/title>\n<meta name=\"description\" content=\"Svensk honungsvin\u00e4ger 50 ml I The Honey of Sweden\" \/>\n<meta name=\"robots\" content=\"index, follow, max-snippet:-1, max-image-preview:large, max-video-preview:-1\" \/>\n<link rel=\"canonical\" href=\"https:\/\/thehoneyofsweden.com\/de\/produkt\/the-honey-of-sweden-honungsvinager-50-ml\/\" \/>\n<meta property=\"og:locale\" content=\"de_DE\" \/>\n<meta property=\"og:type\" content=\"article\" \/>\n<meta property=\"og:title\" content=\"THE HONEY of Sweden Honungsvin\u00e4ger 50 ml - The Honey Of Sweden\" \/>\n<meta property=\"og:description\" content=\"Svensk honungsvin\u00e4ger 50 ml I The Honey of Sweden\" \/>\n<meta property=\"og:url\" content=\"https:\/\/thehoneyofsweden.com\/de\/produkt\/the-honey-of-sweden-honungsvinager-50-ml\/\" \/>\n<meta property=\"og:site_name\" content=\"The Honey Of Sweden\" \/>\n<meta property=\"article:modified_time\" content=\"2026-02-13T08:19:28+00:00\" \/>\n<meta property=\"og:image\" content=\"https:\/\/thehoneyofsweden.com\/wp-content\/uploads\/Honungsvinager-2000-x-2800-scaled.jpg\" \/>\n\t<meta property=\"og:image:width\" content=\"1829\" \/>\n\t<meta property=\"og:image:height\" content=\"2560\" \/>\n\t<meta property=\"og:image:type\" content=\"image\/jpeg\" \/>\n<meta name=\"twitter:card\" content=\"summary_large_image\" \/>\n<meta name=\"twitter:label1\" content=\"Gesch\u00e4tzte Lesezeit\" \/>\n\t<meta name=\"twitter:data1\" content=\"1\u00a0Minute\" \/>\n<script type=\"application\/ld+json\" class=\"yoast-schema-graph\">{\"@context\":\"https:\/\/schema.org\",\"@graph\":[{\"@type\":\"WebPage\",\"@id\":\"https:\/\/thehoneyofsweden.com\/de\/produkt\/the-honey-of-sweden-honungsvinager-50-ml\/\",\"url\":\"https:\/\/thehoneyofsweden.com\/de\/produkt\/the-honey-of-sweden-honungsvinager-50-ml\/\",\"name\":\"THE HONEY of Sweden Honungsvin\u00e4ger 50 ml - The Honey Of Sweden\",\"isPartOf\":{\"@id\":\"https:\/\/thehoneyofsweden.com\/de\/#website\"},\"primaryImageOfPage\":{\"@id\":\"https:\/\/thehoneyofsweden.com\/de\/produkt\/the-honey-of-sweden-honungsvinager-50-ml\/#primaryimage\"},\"image\":{\"@id\":\"https:\/\/thehoneyofsweden.com\/de\/produkt\/the-honey-of-sweden-honungsvinager-50-ml\/#primaryimage\"},\"thumbnailUrl\":\"https:\/\/thehoneyofsweden.com\/wp-content\/uploads\/Honungsvinager-2000-x-2800-scaled.jpg\",\"datePublished\":\"2023-09-10T14:42:58+00:00\",\"dateModified\":\"2026-02-13T08:19:28+00:00\",\"description\":\"Svensk honungsvin\u00e4ger 50 ml I The Honey of Sweden\",\"breadcrumb\":{\"@id\":\"https:\/\/thehoneyofsweden.com\/de\/produkt\/the-honey-of-sweden-honungsvinager-50-ml\/#breadcrumb\"},\"inLanguage\":\"de\",\"potentialAction\":[{\"@type\":\"ReadAction\",\"target\":[\"https:\/\/thehoneyofsweden.com\/de\/produkt\/the-honey-of-sweden-honungsvinager-50-ml\/\"]}]},{\"@type\":\"ImageObject\",\"inLanguage\":\"de\",\"@id\":\"https:\/\/thehoneyofsweden.com\/de\/produkt\/the-honey-of-sweden-honungsvinager-50-ml\/#primaryimage\",\"url\":\"https:\/\/thehoneyofsweden.com\/wp-content\/uploads\/Honungsvinager-2000-x-2800-scaled.jpg\",\"contentUrl\":\"https:\/\/thehoneyofsweden.com\/wp-content\/uploads\/Honungsvinager-2000-x-2800-scaled.jpg\",\"width\":1829,\"height\":2560,\"caption\":\"Svensk hantverksm\u00e4ssigt producerad honungsvin\u00e4ger\"},{\"@type\":\"BreadcrumbList\",\"@id\":\"https:\/\/thehoneyofsweden.com\/de\/produkt\/the-honey-of-sweden-honungsvinager-50-ml\/#breadcrumb\",\"itemListElement\":[{\"@type\":\"ListItem\",\"position\":1,\"name\":\"Home\",\"item\":\"https:\/\/thehoneyofsweden.com\/\"},{\"@type\":\"ListItem\",\"position\":2,\"name\":\"Shop\",\"item\":\"https:\/\/thehoneyofsweden.com\/shop\/\"},{\"@type\":\"ListItem\",\"position\":3,\"name\":\"THE HONEY of Sweden Honungsvin\u00e4ger 50 ml\"}]},{\"@type\":\"WebSite\",\"@id\":\"https:\/\/thehoneyofsweden.com\/de\/#website\",\"url\":\"https:\/\/thehoneyofsweden.com\/de\/\",\"name\":\"The Honey Of Sweden\",\"description\":\"Finest Quality Honey\",\"publisher\":{\"@id\":\"https:\/\/thehoneyofsweden.com\/de\/#organization\"},\"potentialAction\":[{\"@type\":\"SearchAction\",\"target\":{\"@type\":\"EntryPoint\",\"urlTemplate\":\"https:\/\/thehoneyofsweden.com\/de\/?s={search_term_string}\"},\"query-input\":{\"@type\":\"PropertyValueSpecification\",\"valueRequired\":true,\"valueName\":\"search_term_string\"}}],\"inLanguage\":\"de\"},{\"@type\":\"Organization\",\"@id\":\"https:\/\/thehoneyofsweden.com\/de\/#organization\",\"name\":\"The Honey Of Sweden\",\"url\":\"https:\/\/thehoneyofsweden.com\/de\/\",\"logo\":{\"@type\":\"ImageObject\",\"inLanguage\":\"de\",\"@id\":\"https:\/\/thehoneyofsweden.com\/de\/#\/schema\/logo\/image\/\",\"url\":\"https:\/\/thehoneyofsweden.com\/wp-content\/uploads\/the-honey-of-sweden-logo-centered.png\",\"contentUrl\":\"https:\/\/thehoneyofsweden.com\/wp-content\/uploads\/the-honey-of-sweden-logo-centered.png\",\"width\":950,\"height\":624,\"caption\":\"The Honey Of Sweden\"},\"image\":{\"@id\":\"https:\/\/thehoneyofsweden.com\/de\/#\/schema\/logo\/image\/\"},\"sameAs\":[\"https:\/\/www.instagram.com\/thehoneyofsweden\/\"]}]}<\/script>\n<!-- \/ Yoast SEO plugin. -->","yoast_head_json":{"title":"THE HONEY of Sweden Honungsvin\u00e4ger 50 ml - The Honey Of Sweden","description":"Svensk honungsvin\u00e4ger 50 ml I The Honey of Sweden","robots":{"index":"index","follow":"follow","max-snippet":"max-snippet:-1","max-image-preview":"max-image-preview:large","max-video-preview":"max-video-preview:-1"},"canonical":"https:\/\/thehoneyofsweden.com\/de\/produkt\/the-honey-of-sweden-honungsvinager-50-ml\/","og_locale":"de_DE","og_type":"article","og_title":"THE HONEY of Sweden Honungsvin\u00e4ger 50 ml - The Honey Of Sweden","og_description":"Svensk honungsvin\u00e4ger 50 ml I The Honey of Sweden","og_url":"https:\/\/thehoneyofsweden.com\/de\/produkt\/the-honey-of-sweden-honungsvinager-50-ml\/","og_site_name":"The Honey Of Sweden","article_modified_time":"2026-02-13T08:19:28+00:00","og_image":[{"width":1829,"height":2560,"url":"https:\/\/thehoneyofsweden.com\/wp-content\/uploads\/Honungsvinager-2000-x-2800-scaled.jpg","type":"image\/jpeg"}],"twitter_card":"summary_large_image","twitter_misc":{"Gesch\u00e4tzte Lesezeit":"1\u00a0Minute"},"schema":{"@context":"https:\/\/schema.org","@graph":[{"@type":"WebPage","@id":"https:\/\/thehoneyofsweden.com\/de\/produkt\/the-honey-of-sweden-honungsvinager-50-ml\/","url":"https:\/\/thehoneyofsweden.com\/de\/produkt\/the-honey-of-sweden-honungsvinager-50-ml\/","name":"THE HONEY of Sweden Honungsvin\u00e4ger 50 ml - The Honey Of Sweden","isPartOf":{"@id":"https:\/\/thehoneyofsweden.com\/de\/#website"},"primaryImageOfPage":{"@id":"https:\/\/thehoneyofsweden.com\/de\/produkt\/the-honey-of-sweden-honungsvinager-50-ml\/#primaryimage"},"image":{"@id":"https:\/\/thehoneyofsweden.com\/de\/produkt\/the-honey-of-sweden-honungsvinager-50-ml\/#primaryimage"},"thumbnailUrl":"https:\/\/thehoneyofsweden.com\/wp-content\/uploads\/Honungsvinager-2000-x-2800-scaled.jpg","datePublished":"2023-09-10T14:42:58+00:00","dateModified":"2026-02-13T08:19:28+00:00","description":"Svensk honungsvin\u00e4ger 50 ml I The Honey of Sweden","breadcrumb":{"@id":"https:\/\/thehoneyofsweden.com\/de\/produkt\/the-honey-of-sweden-honungsvinager-50-ml\/#breadcrumb"},"inLanguage":"de","potentialAction":[{"@type":"ReadAction","target":["https:\/\/thehoneyofsweden.com\/de\/produkt\/the-honey-of-sweden-honungsvinager-50-ml\/"]}]},{"@type":"ImageObject","inLanguage":"de","@id":"https:\/\/thehoneyofsweden.com\/de\/produkt\/the-honey-of-sweden-honungsvinager-50-ml\/#primaryimage","url":"https:\/\/thehoneyofsweden.com\/wp-content\/uploads\/Honungsvinager-2000-x-2800-scaled.jpg","contentUrl":"https:\/\/thehoneyofsweden.com\/wp-content\/uploads\/Honungsvinager-2000-x-2800-scaled.jpg","width":1829,"height":2560,"caption":"Svensk hantverksm\u00e4ssigt producerad honungsvin\u00e4ger"},{"@type":"BreadcrumbList","@id":"https:\/\/thehoneyofsweden.com\/de\/produkt\/the-honey-of-sweden-honungsvinager-50-ml\/#breadcrumb","itemListElement":[{"@type":"ListItem","position":1,"name":"Home","item":"https:\/\/thehoneyofsweden.com\/"},{"@type":"ListItem","position":2,"name":"Shop","item":"https:\/\/thehoneyofsweden.com\/shop\/"},{"@type":"ListItem","position":3,"name":"THE HONEY of Sweden Honungsvin\u00e4ger 50 ml"}]},{"@type":"WebSite","@id":"https:\/\/thehoneyofsweden.com\/de\/#website","url":"https:\/\/thehoneyofsweden.com\/de\/","name":"The Honey Of Sweden","description":"Finest Quality Honey","publisher":{"@id":"https:\/\/thehoneyofsweden.com\/de\/#organization"},"potentialAction":[{"@type":"SearchAction","target":{"@type":"EntryPoint","urlTemplate":"https:\/\/thehoneyofsweden.com\/de\/?s={search_term_string}"},"query-input":{"@type":"PropertyValueSpecification","valueRequired":true,"valueName":"search_term_string"}}],"inLanguage":"de"},{"@type":"Organization","@id":"https:\/\/thehoneyofsweden.com\/de\/#organization","name":"The Honey Of Sweden","url":"https:\/\/thehoneyofsweden.com\/de\/","logo":{"@type":"ImageObject","inLanguage":"de","@id":"https:\/\/thehoneyofsweden.com\/de\/#\/schema\/logo\/image\/","url":"https:\/\/thehoneyofsweden.com\/wp-content\/uploads\/the-honey-of-sweden-logo-centered.png","contentUrl":"https:\/\/thehoneyofsweden.com\/wp-content\/uploads\/the-honey-of-sweden-logo-centered.png","width":950,"height":624,"caption":"The Honey Of Sweden"},"image":{"@id":"https:\/\/thehoneyofsweden.com\/de\/#\/schema\/logo\/image\/"},"sameAs":["https:\/\/www.instagram.com\/thehoneyofsweden\/"]}]}},"_links":{"self":[{"href":"https:\/\/thehoneyofsweden.com\/de\/wp-json\/wp\/v2\/product\/2170","targetHints":{"allow":["GET"]}}],"collection":[{"href":"https:\/\/thehoneyofsweden.com\/de\/wp-json\/wp\/v2\/product"}],"about":[{"href":"https:\/\/thehoneyofsweden.com\/de\/wp-json\/wp\/v2\/types\/product"}],"replies":[{"embeddable":true,"href":"https:\/\/thehoneyofsweden.com\/de\/wp-json\/wp\/v2\/comments?post=2170"}],"wp:featuredmedia":[{"embeddable":true,"href":"https:\/\/thehoneyofsweden.com\/de\/wp-json\/wp\/v2\/media\/3744"}],"wp:attachment":[{"href":"https:\/\/thehoneyofsweden.com\/de\/wp-json\/wp\/v2\/media?parent=2170"}],"wp:term":[{"taxonomy":"product_brand","embeddable":true,"href":"https:\/\/thehoneyofsweden.com\/de\/wp-json\/wp\/v2\/product_brand?post=2170"},{"taxonomy":"product_cat","embeddable":true,"href":"https:\/\/thehoneyofsweden.com\/de\/wp-json\/wp\/v2\/product_cat?post=2170"},{"taxonomy":"product_tag","embeddable":true,"href":"https:\/\/thehoneyofsweden.com\/de\/wp-json\/wp\/v2\/product_tag?post=2170"}],"curies":[{"name":"wp","href":"https:\/\/api.w.org\/{rel}","templated":true}]}}