{"id":2044,"date":"2023-06-24T14:22:55","date_gmt":"2023-06-24T12:22:55","guid":{"rendered":"https:\/\/thehoneyofsweden.com\/?post_type=product&#038;p=2044"},"modified":"2025-08-22T14:12:14","modified_gmt":"2025-08-22T12:12:14","slug":"the-honey-of-sweden-150g-late-summer-harvest","status":"publish","type":"product","link":"https:\/\/thehoneyofsweden.com\/de\/produkt\/the-honey-of-sweden-150g-late-summer-harvest\/","title":{"rendered":"THE HONEY Of Sweden 150 g sensommarsk\u00f6rd"},"content":{"rendered":"<p>&nbsp;<\/p>\n<p>&nbsp;<\/p>","protected":false},"excerpt":{"rendered":"<p>Detta \u00e4r honung fr\u00e5n den senare delen av sommaren.<\/p>\n<p>Den inneh\u00e5ller en blandning av nektar fr\u00e5n kl\u00f6ver, lind, rallarros och lite ljung.<\/p>","protected":false},"featured_media":2045,"comment_status":"open","ping_status":"closed","template":"","meta":[],"product_brand":[],"product_cat":[23,18],"product_tag":[],"class_list":{"0":"post-2044","1":"product","2":"type-product","3":"status-publish","4":"has-post-thumbnail","6":"product_cat-swedish","7":"product_cat-uncategorized","8":"sales-flash-overlay","9":"woocommerce-text-align-center","10":"woocommerce-image-align-center","11":"do-quantity-buttons","13":"first","14":"outofstock","15":"taxable","16":"shipping-taxable","17":"purchasable","18":"product-type-simple"},"acf":[],"yoast_head":"<!-- This site is optimized with the Yoast SEO plugin v27.1.1 - https:\/\/yoast.com\/product\/yoast-seo-wordpress\/ -->\n<title>THE HONEY Of Sweden 150 g sensommarsk\u00f6rd - The Honey Of Sweden<\/title>\n<meta name=\"description\" content=\"Kvalitetshonung fr\u00e5n Sm\u00e5land 150 gram I The Honey of Sweden\" \/>\n<meta name=\"robots\" content=\"index, follow, max-snippet:-1, max-image-preview:large, max-video-preview:-1\" \/>\n<link rel=\"canonical\" href=\"https:\/\/thehoneyofsweden.com\/de\/produkt\/the-honey-of-sweden-150g-late-summer-harvest\/\" \/>\n<meta property=\"og:locale\" content=\"de_DE\" \/>\n<meta property=\"og:type\" content=\"article\" \/>\n<meta property=\"og:title\" content=\"THE HONEY Of Sweden 150 g sensommarsk\u00f6rd - The Honey Of Sweden\" \/>\n<meta property=\"og:description\" content=\"Kvalitetshonung fr\u00e5n Sm\u00e5land 150 gram I The Honey of Sweden\" \/>\n<meta property=\"og:url\" content=\"https:\/\/thehoneyofsweden.com\/de\/produkt\/the-honey-of-sweden-150g-late-summer-harvest\/\" \/>\n<meta property=\"og:site_name\" content=\"The Honey Of Sweden\" \/>\n<meta property=\"article:modified_time\" content=\"2025-08-22T12:12:14+00:00\" \/>\n<meta property=\"og:image\" content=\"https:\/\/thehoneyofsweden.com\/wp-content\/uploads\/TheHoney9_webshop.jpg\" \/>\n\t<meta property=\"og:image:width\" content=\"1268\" \/>\n\t<meta property=\"og:image:height\" content=\"1584\" \/>\n\t<meta property=\"og:image:type\" content=\"image\/jpeg\" \/>\n<meta name=\"twitter:card\" content=\"summary_large_image\" \/>\n<meta name=\"twitter:label1\" content=\"Gesch\u00e4tzte Lesezeit\" \/>\n\t<meta name=\"twitter:data1\" content=\"1\u00a0Minute\" \/>\n<script type=\"application\/ld+json\" class=\"yoast-schema-graph\">{\"@context\":\"https:\/\/schema.org\",\"@graph\":[{\"@type\":\"WebPage\",\"@id\":\"https:\/\/thehoneyofsweden.com\/de\/produkt\/the-honey-of-sweden-150g-late-summer-harvest\/\",\"url\":\"https:\/\/thehoneyofsweden.com\/de\/produkt\/the-honey-of-sweden-150g-late-summer-harvest\/\",\"name\":\"THE HONEY Of Sweden 150 g sensommarsk\u00f6rd - The Honey Of Sweden\",\"isPartOf\":{\"@id\":\"https:\/\/thehoneyofsweden.com\/de\/#website\"},\"primaryImageOfPage\":{\"@id\":\"https:\/\/thehoneyofsweden.com\/de\/produkt\/the-honey-of-sweden-150g-late-summer-harvest\/#primaryimage\"},\"image\":{\"@id\":\"https:\/\/thehoneyofsweden.com\/de\/produkt\/the-honey-of-sweden-150g-late-summer-harvest\/#primaryimage\"},\"thumbnailUrl\":\"https:\/\/thehoneyofsweden.com\/wp-content\/uploads\/TheHoney9_webshop.jpg\",\"datePublished\":\"2023-06-24T12:22:55+00:00\",\"dateModified\":\"2025-08-22T12:12:14+00:00\",\"description\":\"Kvalitetshonung fr\u00e5n Sm\u00e5land 150 gram I The Honey of Sweden\",\"breadcrumb\":{\"@id\":\"https:\/\/thehoneyofsweden.com\/de\/produkt\/the-honey-of-sweden-150g-late-summer-harvest\/#breadcrumb\"},\"inLanguage\":\"de\",\"potentialAction\":[{\"@type\":\"ReadAction\",\"target\":[\"https:\/\/thehoneyofsweden.com\/de\/produkt\/the-honey-of-sweden-150g-late-summer-harvest\/\"]}]},{\"@type\":\"ImageObject\",\"inLanguage\":\"de\",\"@id\":\"https:\/\/thehoneyofsweden.com\/de\/produkt\/the-honey-of-sweden-150g-late-summer-harvest\/#primaryimage\",\"url\":\"https:\/\/thehoneyofsweden.com\/wp-content\/uploads\/TheHoney9_webshop.jpg\",\"contentUrl\":\"https:\/\/thehoneyofsweden.com\/wp-content\/uploads\/TheHoney9_webshop.jpg\",\"width\":1268,\"height\":1584},{\"@type\":\"BreadcrumbList\",\"@id\":\"https:\/\/thehoneyofsweden.com\/de\/produkt\/the-honey-of-sweden-150g-late-summer-harvest\/#breadcrumb\",\"itemListElement\":[{\"@type\":\"ListItem\",\"position\":1,\"name\":\"Home\",\"item\":\"https:\/\/thehoneyofsweden.com\/\"},{\"@type\":\"ListItem\",\"position\":2,\"name\":\"Shop\",\"item\":\"https:\/\/thehoneyofsweden.com\/shop\/\"},{\"@type\":\"ListItem\",\"position\":3,\"name\":\"THE HONEY Of Sweden 150 g sensommarsk\u00f6rd\"}]},{\"@type\":\"WebSite\",\"@id\":\"https:\/\/thehoneyofsweden.com\/de\/#website\",\"url\":\"https:\/\/thehoneyofsweden.com\/de\/\",\"name\":\"The Honey Of Sweden\",\"description\":\"Finest Quality Honey\",\"publisher\":{\"@id\":\"https:\/\/thehoneyofsweden.com\/de\/#organization\"},\"potentialAction\":[{\"@type\":\"SearchAction\",\"target\":{\"@type\":\"EntryPoint\",\"urlTemplate\":\"https:\/\/thehoneyofsweden.com\/de\/?s={search_term_string}\"},\"query-input\":{\"@type\":\"PropertyValueSpecification\",\"valueRequired\":true,\"valueName\":\"search_term_string\"}}],\"inLanguage\":\"de\"},{\"@type\":\"Organization\",\"@id\":\"https:\/\/thehoneyofsweden.com\/de\/#organization\",\"name\":\"The Honey Of Sweden\",\"url\":\"https:\/\/thehoneyofsweden.com\/de\/\",\"logo\":{\"@type\":\"ImageObject\",\"inLanguage\":\"de\",\"@id\":\"https:\/\/thehoneyofsweden.com\/de\/#\/schema\/logo\/image\/\",\"url\":\"https:\/\/thehoneyofsweden.com\/wp-content\/uploads\/the-honey-of-sweden-logo-centered.png\",\"contentUrl\":\"https:\/\/thehoneyofsweden.com\/wp-content\/uploads\/the-honey-of-sweden-logo-centered.png\",\"width\":950,\"height\":624,\"caption\":\"The Honey Of Sweden\"},\"image\":{\"@id\":\"https:\/\/thehoneyofsweden.com\/de\/#\/schema\/logo\/image\/\"},\"sameAs\":[\"https:\/\/www.instagram.com\/thehoneyofsweden\/\"]}]}<\/script>\n<!-- \/ Yoast SEO plugin. -->","yoast_head_json":{"title":"THE HONEY Of Sweden 150 g sensommarsk\u00f6rd - The Honey Of Sweden","description":"Kvalitetshonung fr\u00e5n Sm\u00e5land 150 gram I The Honey of Sweden","robots":{"index":"index","follow":"follow","max-snippet":"max-snippet:-1","max-image-preview":"max-image-preview:large","max-video-preview":"max-video-preview:-1"},"canonical":"https:\/\/thehoneyofsweden.com\/de\/produkt\/the-honey-of-sweden-150g-late-summer-harvest\/","og_locale":"de_DE","og_type":"article","og_title":"THE HONEY Of Sweden 150 g sensommarsk\u00f6rd - The Honey Of Sweden","og_description":"Kvalitetshonung fr\u00e5n Sm\u00e5land 150 gram I The Honey of Sweden","og_url":"https:\/\/thehoneyofsweden.com\/de\/produkt\/the-honey-of-sweden-150g-late-summer-harvest\/","og_site_name":"The Honey Of Sweden","article_modified_time":"2025-08-22T12:12:14+00:00","og_image":[{"width":1268,"height":1584,"url":"https:\/\/thehoneyofsweden.com\/wp-content\/uploads\/TheHoney9_webshop.jpg","type":"image\/jpeg"}],"twitter_card":"summary_large_image","twitter_misc":{"Gesch\u00e4tzte Lesezeit":"1\u00a0Minute"},"schema":{"@context":"https:\/\/schema.org","@graph":[{"@type":"WebPage","@id":"https:\/\/thehoneyofsweden.com\/de\/produkt\/the-honey-of-sweden-150g-late-summer-harvest\/","url":"https:\/\/thehoneyofsweden.com\/de\/produkt\/the-honey-of-sweden-150g-late-summer-harvest\/","name":"THE HONEY Of Sweden 150 g sensommarsk\u00f6rd - The Honey Of Sweden","isPartOf":{"@id":"https:\/\/thehoneyofsweden.com\/de\/#website"},"primaryImageOfPage":{"@id":"https:\/\/thehoneyofsweden.com\/de\/produkt\/the-honey-of-sweden-150g-late-summer-harvest\/#primaryimage"},"image":{"@id":"https:\/\/thehoneyofsweden.com\/de\/produkt\/the-honey-of-sweden-150g-late-summer-harvest\/#primaryimage"},"thumbnailUrl":"https:\/\/thehoneyofsweden.com\/wp-content\/uploads\/TheHoney9_webshop.jpg","datePublished":"2023-06-24T12:22:55+00:00","dateModified":"2025-08-22T12:12:14+00:00","description":"Kvalitetshonung fr\u00e5n Sm\u00e5land 150 gram I The Honey of Sweden","breadcrumb":{"@id":"https:\/\/thehoneyofsweden.com\/de\/produkt\/the-honey-of-sweden-150g-late-summer-harvest\/#breadcrumb"},"inLanguage":"de","potentialAction":[{"@type":"ReadAction","target":["https:\/\/thehoneyofsweden.com\/de\/produkt\/the-honey-of-sweden-150g-late-summer-harvest\/"]}]},{"@type":"ImageObject","inLanguage":"de","@id":"https:\/\/thehoneyofsweden.com\/de\/produkt\/the-honey-of-sweden-150g-late-summer-harvest\/#primaryimage","url":"https:\/\/thehoneyofsweden.com\/wp-content\/uploads\/TheHoney9_webshop.jpg","contentUrl":"https:\/\/thehoneyofsweden.com\/wp-content\/uploads\/TheHoney9_webshop.jpg","width":1268,"height":1584},{"@type":"BreadcrumbList","@id":"https:\/\/thehoneyofsweden.com\/de\/produkt\/the-honey-of-sweden-150g-late-summer-harvest\/#breadcrumb","itemListElement":[{"@type":"ListItem","position":1,"name":"Home","item":"https:\/\/thehoneyofsweden.com\/"},{"@type":"ListItem","position":2,"name":"Shop","item":"https:\/\/thehoneyofsweden.com\/shop\/"},{"@type":"ListItem","position":3,"name":"THE HONEY Of Sweden 150 g sensommarsk\u00f6rd"}]},{"@type":"WebSite","@id":"https:\/\/thehoneyofsweden.com\/de\/#website","url":"https:\/\/thehoneyofsweden.com\/de\/","name":"The Honey Of Sweden","description":"Finest Quality Honey","publisher":{"@id":"https:\/\/thehoneyofsweden.com\/de\/#organization"},"potentialAction":[{"@type":"SearchAction","target":{"@type":"EntryPoint","urlTemplate":"https:\/\/thehoneyofsweden.com\/de\/?s={search_term_string}"},"query-input":{"@type":"PropertyValueSpecification","valueRequired":true,"valueName":"search_term_string"}}],"inLanguage":"de"},{"@type":"Organization","@id":"https:\/\/thehoneyofsweden.com\/de\/#organization","name":"The Honey Of Sweden","url":"https:\/\/thehoneyofsweden.com\/de\/","logo":{"@type":"ImageObject","inLanguage":"de","@id":"https:\/\/thehoneyofsweden.com\/de\/#\/schema\/logo\/image\/","url":"https:\/\/thehoneyofsweden.com\/wp-content\/uploads\/the-honey-of-sweden-logo-centered.png","contentUrl":"https:\/\/thehoneyofsweden.com\/wp-content\/uploads\/the-honey-of-sweden-logo-centered.png","width":950,"height":624,"caption":"The Honey Of Sweden"},"image":{"@id":"https:\/\/thehoneyofsweden.com\/de\/#\/schema\/logo\/image\/"},"sameAs":["https:\/\/www.instagram.com\/thehoneyofsweden\/"]}]}},"_links":{"self":[{"href":"https:\/\/thehoneyofsweden.com\/de\/wp-json\/wp\/v2\/product\/2044","targetHints":{"allow":["GET"]}}],"collection":[{"href":"https:\/\/thehoneyofsweden.com\/de\/wp-json\/wp\/v2\/product"}],"about":[{"href":"https:\/\/thehoneyofsweden.com\/de\/wp-json\/wp\/v2\/types\/product"}],"replies":[{"embeddable":true,"href":"https:\/\/thehoneyofsweden.com\/de\/wp-json\/wp\/v2\/comments?post=2044"}],"wp:featuredmedia":[{"embeddable":true,"href":"https:\/\/thehoneyofsweden.com\/de\/wp-json\/wp\/v2\/media\/2045"}],"wp:attachment":[{"href":"https:\/\/thehoneyofsweden.com\/de\/wp-json\/wp\/v2\/media?parent=2044"}],"wp:term":[{"taxonomy":"product_brand","embeddable":true,"href":"https:\/\/thehoneyofsweden.com\/de\/wp-json\/wp\/v2\/product_brand?post=2044"},{"taxonomy":"product_cat","embeddable":true,"href":"https:\/\/thehoneyofsweden.com\/de\/wp-json\/wp\/v2\/product_cat?post=2044"},{"taxonomy":"product_tag","embeddable":true,"href":"https:\/\/thehoneyofsweden.com\/de\/wp-json\/wp\/v2\/product_tag?post=2044"}],"curies":[{"name":"wp","href":"https:\/\/api.w.org\/{rel}","templated":true}]}}