{"id":182,"date":"2022-08-27T20:14:39","date_gmt":"2022-08-27T20:14:39","guid":{"rendered":"https:\/\/thehoneyofsweden.com\/?page_id=182"},"modified":"2024-06-28T00:55:12","modified_gmt":"2024-06-27T22:55:12","slug":"new-front-page","status":"publish","type":"page","link":"https:\/\/thehoneyofsweden.com\/de","title":{"rendered":"THE HONEY Of Sweden"},"content":{"rendered":"<div class=\"gb-container gb-container-3831f742\"><div class=\"gb-inside-container\">\n\n<video loop=\"\" muted=\"\" autoplay=\"\" playsinline=\"\" poster=\"URL\/TO\/poster.jpg\" class=\"background-video\">\n    <source src=\"https:\/\/thehoneyofsweden.com\/wp-content\/uploads\/header-movie-the-honey-of-sweden_compressed.mp4\" type=\"video\/mp4\">\n<\/video>\n\n\n\n<h1 class=\"gb-headline gb-headline-1f3f457f gb-headline-text background-video-content\">Nat\u00fcrlicher schwedischer Honig<\/h1>\n\n\n<div class=\"gb-container gb-container-0090b4c8\"><div class=\"gb-inside-container\">\n\n<figure class=\"gb-block-image gb-block-image-700f8608\"><img fetchpriority=\"high\" decoding=\"async\" width=\"950\" height=\"624\" class=\"gb-image gb-image-700f8608\" src=\"https:\/\/thehoneyofsweden.com\/wp-content\/uploads\/the-honey-of-sweden-logo-centered.png\" alt=\"the honey of sweden logo centered\" title=\"the honey of sweden logo centered\" srcset=\"https:\/\/thehoneyofsweden.com\/wp-content\/uploads\/the-honey-of-sweden-logo-centered.png 950w, https:\/\/thehoneyofsweden.com\/wp-content\/uploads\/the-honey-of-sweden-logo-centered-600x394.png 600w, https:\/\/thehoneyofsweden.com\/wp-content\/uploads\/the-honey-of-sweden-logo-centered-300x197.png 300w, https:\/\/thehoneyofsweden.com\/wp-content\/uploads\/the-honey-of-sweden-logo-centered-768x504.png 768w\" sizes=\"(max-width: 950px) 100vw, 950px\" \/><\/figure>\n\n<\/div><\/div>\n\n<div class=\"gb-button-wrapper gb-button-wrapper-378e907d background-video-content\">\n\n<a class=\"gb-button gb-button-4ff947a9\" href=\"https:\/\/thehoneyofsweden.com\/de\/products\/\"><span class=\"gb-button-text\">UNSER HONIG <\/span><span class=\"gb-icon\"><svg version=\"1.1\" id=\"Layer_1\" xmlns=\"http:\/\/www.w3.org\/2000\/svg\" xmlns:xlink=\"http:\/\/www.w3.org\/1999\/xlink\" x=\"0px\" y=\"0px\" viewbox=\"0 0 476.213 476.213\" style=\"enable-background:new 0 0 476.213 476.213;\" xml:space=\"preserve\"> <polygon points=\"345.606,107.5 324.394,128.713 418.787,223.107 0,223.107 0,253.107 418.787,253.107 324.394,347.5  \t345.606,368.713 476.213,238.106\"><\/polygon> <g> <\/g> <g> <\/g> <g> <\/g> <g> <\/g> <g> <\/g> <g> <\/g> <g> <\/g> <g> <\/g> <g> <\/g> <g> <\/g> <g> <\/g> <g> <\/g> <g> <\/g> <g> <\/g> <g> <\/g> <\/svg><\/span><\/a>\n\n<\/div>\n\n<div class=\"gb-button-wrapper gb-button-wrapper-8ef13864\">\n\n<a class=\"gb-button gb-button-0606d709 background-video-content\" href=\"https:\/\/thehoneyofsweden.com\/de\/products\/\"><span class=\"gb-button-text\">UNSER HONIG<\/span><span class=\"gb-icon\"><svg xml:space=\"preserve\" style=\"enable-background:new 0 0 476.213 476.213;\" viewbox=\"0 0 476.213 476.213\" y=\"0px\" x=\"0px\" xmlns:xlink=\"http:\/\/www.w3.org\/1999\/xlink\" xmlns=\"http:\/\/www.w3.org\/2000\/svg\" id=\"Layer_1\" version=\"1.1\"> <polygon points=\"345.606,107.5 324.394,128.713 418.787,223.107 0,223.107 0,253.107 418.787,253.107 324.394,347.5  \t345.606,368.713 476.213,238.106\"><\/polygon> <g> <\/g> <g> <\/g> <g> <\/g> <g> <\/g> <g> <\/g> <g> <\/g> <g> <\/g> <g> <\/g> <g> <\/g> <g> <\/g> <g> <\/g> <g> <\/g> <g> <\/g> <g> <\/g> <g> <\/g> <\/svg><\/span><\/a>\n\n<\/div>\n<\/div><\/div>\n\n<div class=\"gb-container gb-container-eb696789\"><div class=\"gb-inside-container\">\n<div class=\"gb-grid-wrapper gb-grid-wrapper-5e713795 my-grid\">\n<div class=\"gb-grid-column gb-grid-column-4bce5ae0\"><div class=\"gb-container gb-container-4bce5ae0\"><div class=\"gb-inside-container\">\n\n<p class=\"gb-headline gb-headline-d42c348c gb-headline-text\">LANGSAMER HONIG<\/p>\n\n\n\n<p class=\"gb-headline gb-headline-c0611bfe gb-headline-text underline\"><mark class=\"gb-highlight\">Direkt von den Bienenst\u00f6cken<\/mark><\/p>\n\n\n\n<p style=\"font-size:18px\">THE HONEY OF Sweden ist purer, nat\u00fcrlicher, schwedischer Premium-Honig.<\/p>\n\n\n\n<p style=\"font-size:18px\">Wir erweisen unsere Ehre, indem wir der Natur die n\u00f6tige Zeit geben. Und die Bienen machen ihren Job, wie sie ihn schon seit Millionen von Jahren gemacht haben, bevor wir den Honig einsammeln. Dies ist langsame Technologie. Wir nennen es langsamen Honig.<\/p>\n\n\n\n<p style=\"font-size:18px\">Unsere Bienenst\u00f6cke sind in d\u00fcnn besiedelten Gegenden Schwedens aufgestellt, mit W\u00e4ldern, Wiesen und kleinen H\u00f6fen in einer Misch-Landschaft. Jede Honig-Ernte ist einzigartig und hat ihre eigene Farbe und ihren eigenen Geschmack.<\/p>\n\n\n\n<p style=\"font-size:18px\">Die Farbe und der Geschmack h\u00e4ngen von den Blumen ab, aus denen die Bienen den Nektar sammeln und dem Boden, in dem diese Blumen wachsen. Aus diesem Grund ist der Geschmack eines Honigs immer auch der Geschmack seiner Herkunft.<\/p>\n\n<\/div><\/div><\/div>\n\n<div class=\"gb-grid-column gb-grid-column-383fe04d\"><div class=\"gb-container gb-container-383fe04d\"><div class=\"gb-inside-container\">\n<div class=\"gb-container gb-container-da75c514\"><div class=\"gb-inside-container\">\n\n<figure class=\"gb-block-image gb-block-image-f114186a\"><img decoding=\"async\" width=\"800\" height=\"1000\" class=\"gb-image gb-image-f114186a\" src=\"https:\/\/thehoneyofsweden.com\/wp-content\/uploads\/many-bees-on-honeycomb.jpg\" alt=\"many-bees-on-honeycomb\" title=\"many-bees-on-honeycomb\" srcset=\"https:\/\/thehoneyofsweden.com\/wp-content\/uploads\/many-bees-on-honeycomb.jpg 800w, https:\/\/thehoneyofsweden.com\/wp-content\/uploads\/many-bees-on-honeycomb-600x750.jpg 600w, https:\/\/thehoneyofsweden.com\/wp-content\/uploads\/many-bees-on-honeycomb-240x300.jpg 240w, https:\/\/thehoneyofsweden.com\/wp-content\/uploads\/many-bees-on-honeycomb-768x960.jpg 768w\" sizes=\"(max-width: 800px) 100vw, 800px\" \/><\/figure>\n\n<\/div><\/div>\n<\/div><\/div><\/div>\n<\/div>\n\n\n<p><\/p>\n\n\n\n<div class=\"wp-block-columns is-layout-flex wp-container-core-columns-is-layout-9d6595d7 wp-block-columns-is-layout-flex\">\n<div class=\"wp-block-column is-layout-flow wp-block-column-is-layout-flow\" style=\"flex-basis:100%\">\n<p>Our honey has participated in international quality assessments and received gold medals for quality and taste at the Paris International Honey Awards, Mediterranean Taste Awards, and the London International Honey Awards.<\/p>\n\n\n\n<figure class=\"gb-block-image gb-block-image-7b412f28\"><img decoding=\"async\" width=\"945\" height=\"255\" class=\"gb-image gb-image-7b412f28\" src=\"https:\/\/thehoneyofsweden.com\/wp-content\/uploads\/All-three.png\" alt=\"\" title=\"All-three\" srcset=\"https:\/\/thehoneyofsweden.com\/wp-content\/uploads\/All-three.png 945w, https:\/\/thehoneyofsweden.com\/wp-content\/uploads\/All-three-300x81.png 300w, https:\/\/thehoneyofsweden.com\/wp-content\/uploads\/All-three-768x207.png 768w, https:\/\/thehoneyofsweden.com\/wp-content\/uploads\/All-three-18x5.png 18w, https:\/\/thehoneyofsweden.com\/wp-content\/uploads\/All-three-600x162.png 600w\" sizes=\"(max-width: 945px) 100vw, 945px\" \/><\/figure>\n<\/div>\n<\/div>\n\n<\/div><\/div>\n\n<div class=\"gb-container gb-container-fa7c05ad\"><div class=\"gb-inside-container\">\n<div class=\"gb-container gb-container-1e38c813\"><div class=\"gb-inside-container\">\n\n<p class=\"gb-headline gb-headline-82bc777f\"><span class=\"gb-icon\"><svg xmlns:xlink=\"http:\/\/www.w3.org\/1999\/xlink\" viewbox=\"0 0 512 512\" xmlns=\"http:\/\/www.w3.org\/2000\/svg\" version=\"1.1\">   <g>     <g>       <path d=\"m365.5,191.5v-106.7c0-7.2-3.8-13.8-9.9-17.5l-89-53.4c-6.5-3.9-14.5-3.9-21,0l-89.1,53.4c-6.2,3.7-9.9,10.3-9.9,17.5v106.7c0,7.2 3.8,13.8 9.9,17.5l89.1,53.4c9.4,5.4 17.2,2.5 21,0l89-53.4c6.1-3.7 9.9-10.3 9.9-17.5z\"><\/path>       <path d=\"m220,303l-89-53.4c-6.5-3.9-14.5-3.9-21,0l-89.1,53.4c-6.2,3.7-9.9,10.3-9.9,17.5v106.7c0,7.2 3.8,13.8 9.9,17.5l89.1,53.4c9.4,5.4 17.2,2.5 21,0l89-53.4c6.2-3.7 9.9-10.3 9.9-17.5v-106.7c0-7.2-3.7-13.8-9.9-17.5z\"><\/path>       <path d=\"m491.1,302.9l-89-53.4c-6.5-3.9-14.5-3.9-21,0l-89.1,53.4c-6.2,3.7-9.9,10.3-9.9,17.5v106.7c0,7.2 3.8,13.8 9.9,17.5l89,53.4c9.4,5.4 17.2,2.5 21,0l89-53.4c6.2-3.7 9.9-10.3 9.9-17.5v-106.7c0.1-7.2-3.7-13.8-9.8-17.5z\"><\/path>     <\/g>   <\/g> <\/svg><\/span><span class=\"gb-headline-text\">H\u00d6CHSTE QUALIT\u00c4T<\/span><\/p>\n\n\n\n<h2 class=\"gb-headline gb-headline-3799ca4a gb-headline-text underline\"><mark class=\"gb-highlight\">Der beste Premium-Honig, den es gibt<\/mark><\/h2>\n\n\n\n<p style=\"font-size:18px\">Purer Honig ist ein fantastisches Lebensmittel. Kein verarbeitetes Produkt, nichts hinzugef\u00fcgt. Einfach essfertig direkt aus der Natur. Unser Honig wird schonend behandelt, um die verschiedenen Aromen und die gesunde Qualit\u00e4t zu gew\u00e4hrleisten.<\/p>\n\n<\/div><\/div>\n<\/div><\/div>\n\n\n\n\n\n\n\n<\/p>\n\n\n<div class=\"gb-container gb-container-42b8e1af gb-container-dark-blue-container\"><div class=\"gb-inside-container\">\n\n<div class=\"wp-block-columns is-layout-flex wp-container-core-columns-is-layout-9d6595d7 wp-block-columns-is-layout-flex\">\n<div class=\"wp-block-column is-layout-flow wp-block-column-is-layout-flow\" style=\"flex-basis:100%\"><div class=\"gb-grid-wrapper gb-grid-wrapper-a847a4ed\">\n<div class=\"gb-grid-column gb-grid-column-cc2228a6\"><div class=\"gb-container gb-container-cc2228a6\"><a class=\"gb-container-link\" href=\"https:\/\/thehoneyofsweden.com\/de\/honey-facts\/\"><\/a><div class=\"gb-inside-container\">\n\n<h2 class=\"gb-headline gb-headline-594baf57 gb-headline-text\">Fakten \u00fcber Honig<\/h2>\n\n\n\n<p><\/p>\n\n\n<div class=\"gb-button-wrapper gb-button-wrapper-d7f08a2b\">\n\n<span class=\"gb-button gb-button-9d20162e\"><span class=\"gb-button-text\">Weiterlesen<\/span><span class=\"gb-icon\"><svg xml:space=\"preserve\" style=\"enable-background:new 0 0 476.213 476.213;\" viewbox=\"0 0 476.213 476.213\" y=\"0px\" x=\"0px\" xmlns:xlink=\"http:\/\/www.w3.org\/1999\/xlink\" xmlns=\"http:\/\/www.w3.org\/2000\/svg\" id=\"Layer_1\" version=\"1.1\"> <polygon points=\"345.606,107.5 324.394,128.713 418.787,223.107 0,223.107 0,253.107 418.787,253.107 324.394,347.5  \t345.606,368.713 476.213,238.106\"><\/polygon> <g> <\/g> <g> <\/g> <g> <\/g> <g> <\/g> <g> <\/g> <g> <\/g> <g> <\/g> <g> <\/g> <g> <\/g> <g> <\/g> <g> <\/g> <g> <\/g> <g> <\/g> <g> <\/g> <g> <\/g> <\/svg><\/span><\/span>\n\n<\/div>\n<\/div><\/div><\/div>\n\n<div class=\"gb-grid-column gb-grid-column-b4ac782d\"><div class=\"gb-container gb-container-b4ac782d\"><a class=\"gb-container-link\" href=\"https:\/\/thehoneyofsweden.com\/de\/beekeepers\/\"><\/a><div class=\"gb-inside-container\">\n\n<h2 class=\"gb-headline gb-headline-32f8eac6 gb-headline-text\">Imker<\/h2>\n\n\n<div class=\"gb-button-wrapper gb-button-wrapper-eaaf9e5b\">\n\n<span class=\"gb-button gb-button-b89509f9\"><span class=\"gb-button-text\">Weiterlesen<\/span><span class=\"gb-icon\"><svg xml:space=\"preserve\" style=\"enable-background:new 0 0 476.213 476.213;\" viewbox=\"0 0 476.213 476.213\" y=\"0px\" x=\"0px\" xmlns:xlink=\"http:\/\/www.w3.org\/1999\/xlink\" xmlns=\"http:\/\/www.w3.org\/2000\/svg\" id=\"Layer_1\" version=\"1.1\"> <polygon points=\"345.606,107.5 324.394,128.713 418.787,223.107 0,223.107 0,253.107 418.787,253.107 324.394,347.5  \t345.606,368.713 476.213,238.106\"><\/polygon> <g> <\/g> <g> <\/g> <g> <\/g> <g> <\/g> <g> <\/g> <g> <\/g> <g> <\/g> <g> <\/g> <g> <\/g> <g> <\/g> <g> <\/g> <g> <\/g> <g> <\/g> <g> <\/g> <g> <\/g> <\/svg><\/span><\/span>\n\n<\/div>\n<\/div><\/div><\/div>\n<\/div><\/div>\n<\/div>\n\n<\/div><\/div>\n\n<p>\n\n\n\n\n\n<\/p>\n\n\n<div class=\"wp-block-image is-resized is-style-rounded\">\n<figure class=\"aligncenter size-medium\"><img loading=\"lazy\" decoding=\"async\" width=\"300\" height=\"95\" src=\"https:\/\/thehoneyofsweden.com\/wp-content\/uploads\/Mitglied_DSHK_logo_uppdaterad-1-300x95.png\" alt=\"\" class=\"wp-image-1949\" srcset=\"https:\/\/thehoneyofsweden.com\/wp-content\/uploads\/Mitglied_DSHK_logo_uppdaterad-1-300x95.png 300w, https:\/\/thehoneyofsweden.com\/wp-content\/uploads\/Mitglied_DSHK_logo_uppdaterad-1-600x190.png 600w, https:\/\/thehoneyofsweden.com\/wp-content\/uploads\/Mitglied_DSHK_logo_uppdaterad-1-1024x325.png 1024w, https:\/\/thehoneyofsweden.com\/wp-content\/uploads\/Mitglied_DSHK_logo_uppdaterad-1-768x243.png 768w, https:\/\/thehoneyofsweden.com\/wp-content\/uploads\/Mitglied_DSHK_logo_uppdaterad-1-18x6.png 18w, https:\/\/thehoneyofsweden.com\/wp-content\/uploads\/Mitglied_DSHK_logo_uppdaterad-1.png 1448w\" sizes=\"(max-width: 300px) 100vw, 300px\" \/><\/figure>\n<\/div>\n\n<p>\n\n\n<div class=\"gb-container gb-container-dad16eda\"><div class=\"gb-inside-container\">\n\n<p><\/p>\n\n<\/div><\/div>","protected":false},"excerpt":{"rendered":"<p>Pure Swedish Natural Honey Our honey has participated in international quality assessments and received gold medals for quality and taste at the Paris International Honey Awards, Mediterranean Taste Awards, and the London International Honey Awards. finest quality The most premium honey you can find Pure honey is a fantastic food product. No processing, nothing added &#8230; <a title=\"THE HONEY Of Sweden\" class=\"read-more\" href=\"https:\/\/thehoneyofsweden.com\/de\" aria-label=\"Mehr Informationen \u00fcber THE HONEY Of Sweden\">Weiterlesen<\/a><\/p>","protected":false},"author":2,"featured_media":0,"parent":0,"menu_order":0,"comment_status":"closed","ping_status":"closed","template":"","meta":{"footnotes":""},"class_list":["post-182","page","type-page","status-publish"],"acf":[],"yoast_head":"<!-- This site is optimized with the Yoast SEO plugin v27.1.1 - https:\/\/yoast.com\/product\/yoast-seo-wordpress\/ -->\n<title>The Honey of Sweden<\/title>\n<meta name=\"description\" content=\"We are a brand of pure, unprocessed, and additive-free natural honey, born from the nature of Sweden. Respecting the work that bees have been doing in nature for millions of years, our honey is carefully crafted over a long period of time. Experience the highest quality of taste and aroma.\" \/>\n<meta name=\"robots\" content=\"index, follow, max-snippet:-1, max-image-preview:large, max-video-preview:-1\" \/>\n<link rel=\"canonical\" href=\"https:\/\/thehoneyofsweden.com\/de\" \/>\n<meta property=\"og:locale\" content=\"de_DE\" \/>\n<meta property=\"og:type\" content=\"article\" \/>\n<meta property=\"og:title\" content=\"The Honey of Sweden\" \/>\n<meta property=\"og:description\" content=\"We are a brand of pure, unprocessed, and additive-free natural honey, born from the nature of Sweden. Respecting the work that bees have been doing in nature for millions of years, our honey is carefully crafted over a long period of time. Experience the highest quality of taste and aroma.\" \/>\n<meta property=\"og:url\" content=\"https:\/\/thehoneyofsweden.com\/de\" \/>\n<meta property=\"og:site_name\" content=\"The Honey Of Sweden\" \/>\n<meta property=\"article:modified_time\" content=\"2024-06-27T22:55:12+00:00\" \/>\n<meta property=\"og:image\" content=\"https:\/\/thehoneyofsweden.com\/wp-content\/uploads\/the-honey-of-sweden-logo-centered.png\" \/>\n<meta name=\"twitter:card\" content=\"summary_large_image\" \/>\n<meta name=\"twitter:label1\" content=\"Gesch\u00e4tzte Lesezeit\" \/>\n\t<meta name=\"twitter:data1\" content=\"2\u00a0Minuten\" \/>\n<script type=\"application\/ld+json\" class=\"yoast-schema-graph\">{\"@context\":\"https:\/\/schema.org\",\"@graph\":[{\"@type\":\"WebPage\",\"@id\":\"https:\/\/thehoneyofsweden.com\/\",\"url\":\"https:\/\/thehoneyofsweden.com\/\",\"name\":\"The Honey of Sweden\",\"isPartOf\":{\"@id\":\"https:\/\/thehoneyofsweden.com\/de\/#website\"},\"primaryImageOfPage\":{\"@id\":\"https:\/\/thehoneyofsweden.com\/#primaryimage\"},\"image\":{\"@id\":\"https:\/\/thehoneyofsweden.com\/#primaryimage\"},\"thumbnailUrl\":\"https:\/\/thehoneyofsweden.com\/wp-content\/uploads\/the-honey-of-sweden-logo-centered.png\",\"datePublished\":\"2022-08-27T20:14:39+00:00\",\"dateModified\":\"2024-06-27T22:55:12+00:00\",\"description\":\"We are a brand of pure, unprocessed, and additive-free natural honey, born from the nature of Sweden. Respecting the work that bees have been doing in nature for millions of years, our honey is carefully crafted over a long period of time. Experience the highest quality of taste and aroma.\",\"breadcrumb\":{\"@id\":\"https:\/\/thehoneyofsweden.com\/#breadcrumb\"},\"inLanguage\":\"de\",\"potentialAction\":[{\"@type\":\"ReadAction\",\"target\":[\"https:\/\/thehoneyofsweden.com\/\"]}]},{\"@type\":\"ImageObject\",\"inLanguage\":\"de\",\"@id\":\"https:\/\/thehoneyofsweden.com\/#primaryimage\",\"url\":\"https:\/\/thehoneyofsweden.com\/wp-content\/uploads\/the-honey-of-sweden-logo-centered.png\",\"contentUrl\":\"https:\/\/thehoneyofsweden.com\/wp-content\/uploads\/the-honey-of-sweden-logo-centered.png\"},{\"@type\":\"BreadcrumbList\",\"@id\":\"https:\/\/thehoneyofsweden.com\/#breadcrumb\",\"itemListElement\":[{\"@type\":\"ListItem\",\"position\":1,\"name\":\"Home\",\"item\":\"https:\/\/thehoneyofsweden.com\/\"},{\"@type\":\"ListItem\",\"position\":2,\"name\":\"THE HONEY Of Sweden\"}]},{\"@type\":\"WebSite\",\"@id\":\"https:\/\/thehoneyofsweden.com\/de\/#website\",\"url\":\"https:\/\/thehoneyofsweden.com\/de\/\",\"name\":\"The Honey Of Sweden\",\"description\":\"Finest Quality Honey\",\"publisher\":{\"@id\":\"https:\/\/thehoneyofsweden.com\/de\/#organization\"},\"potentialAction\":[{\"@type\":\"SearchAction\",\"target\":{\"@type\":\"EntryPoint\",\"urlTemplate\":\"https:\/\/thehoneyofsweden.com\/de\/?s={search_term_string}\"},\"query-input\":{\"@type\":\"PropertyValueSpecification\",\"valueRequired\":true,\"valueName\":\"search_term_string\"}}],\"inLanguage\":\"de\"},{\"@type\":\"Organization\",\"@id\":\"https:\/\/thehoneyofsweden.com\/de\/#organization\",\"name\":\"The Honey Of Sweden\",\"url\":\"https:\/\/thehoneyofsweden.com\/de\/\",\"logo\":{\"@type\":\"ImageObject\",\"inLanguage\":\"de\",\"@id\":\"https:\/\/thehoneyofsweden.com\/de\/#\/schema\/logo\/image\/\",\"url\":\"https:\/\/thehoneyofsweden.com\/wp-content\/uploads\/the-honey-of-sweden-logo-centered.png\",\"contentUrl\":\"https:\/\/thehoneyofsweden.com\/wp-content\/uploads\/the-honey-of-sweden-logo-centered.png\",\"width\":950,\"height\":624,\"caption\":\"The Honey Of Sweden\"},\"image\":{\"@id\":\"https:\/\/thehoneyofsweden.com\/de\/#\/schema\/logo\/image\/\"},\"sameAs\":[\"https:\/\/www.instagram.com\/thehoneyofsweden\/\"]}]}<\/script>\n<!-- \/ Yoast SEO plugin. -->","yoast_head_json":{"title":"The Honey of Sweden","description":"We are a brand of pure, unprocessed, and additive-free natural honey, born from the nature of Sweden. Respecting the work that bees have been doing in nature for millions of years, our honey is carefully crafted over a long period of time. Experience the highest quality of taste and aroma.","robots":{"index":"index","follow":"follow","max-snippet":"max-snippet:-1","max-image-preview":"max-image-preview:large","max-video-preview":"max-video-preview:-1"},"canonical":"https:\/\/thehoneyofsweden.com\/de","og_locale":"de_DE","og_type":"article","og_title":"The Honey of Sweden","og_description":"We are a brand of pure, unprocessed, and additive-free natural honey, born from the nature of Sweden. Respecting the work that bees have been doing in nature for millions of years, our honey is carefully crafted over a long period of time. Experience the highest quality of taste and aroma.","og_url":"https:\/\/thehoneyofsweden.com\/de","og_site_name":"The Honey Of Sweden","article_modified_time":"2024-06-27T22:55:12+00:00","og_image":[{"url":"https:\/\/thehoneyofsweden.com\/wp-content\/uploads\/the-honey-of-sweden-logo-centered.png","type":"","width":"","height":""}],"twitter_card":"summary_large_image","twitter_misc":{"Gesch\u00e4tzte Lesezeit":"2\u00a0Minuten"},"schema":{"@context":"https:\/\/schema.org","@graph":[{"@type":"WebPage","@id":"https:\/\/thehoneyofsweden.com\/","url":"https:\/\/thehoneyofsweden.com\/","name":"The Honey of Sweden","isPartOf":{"@id":"https:\/\/thehoneyofsweden.com\/de\/#website"},"primaryImageOfPage":{"@id":"https:\/\/thehoneyofsweden.com\/#primaryimage"},"image":{"@id":"https:\/\/thehoneyofsweden.com\/#primaryimage"},"thumbnailUrl":"https:\/\/thehoneyofsweden.com\/wp-content\/uploads\/the-honey-of-sweden-logo-centered.png","datePublished":"2022-08-27T20:14:39+00:00","dateModified":"2024-06-27T22:55:12+00:00","description":"We are a brand of pure, unprocessed, and additive-free natural honey, born from the nature of Sweden. Respecting the work that bees have been doing in nature for millions of years, our honey is carefully crafted over a long period of time. Experience the highest quality of taste and aroma.","breadcrumb":{"@id":"https:\/\/thehoneyofsweden.com\/#breadcrumb"},"inLanguage":"de","potentialAction":[{"@type":"ReadAction","target":["https:\/\/thehoneyofsweden.com\/"]}]},{"@type":"ImageObject","inLanguage":"de","@id":"https:\/\/thehoneyofsweden.com\/#primaryimage","url":"https:\/\/thehoneyofsweden.com\/wp-content\/uploads\/the-honey-of-sweden-logo-centered.png","contentUrl":"https:\/\/thehoneyofsweden.com\/wp-content\/uploads\/the-honey-of-sweden-logo-centered.png"},{"@type":"BreadcrumbList","@id":"https:\/\/thehoneyofsweden.com\/#breadcrumb","itemListElement":[{"@type":"ListItem","position":1,"name":"Home","item":"https:\/\/thehoneyofsweden.com\/"},{"@type":"ListItem","position":2,"name":"THE HONEY Of Sweden"}]},{"@type":"WebSite","@id":"https:\/\/thehoneyofsweden.com\/de\/#website","url":"https:\/\/thehoneyofsweden.com\/de\/","name":"The Honey Of Sweden","description":"Finest Quality Honey","publisher":{"@id":"https:\/\/thehoneyofsweden.com\/de\/#organization"},"potentialAction":[{"@type":"SearchAction","target":{"@type":"EntryPoint","urlTemplate":"https:\/\/thehoneyofsweden.com\/de\/?s={search_term_string}"},"query-input":{"@type":"PropertyValueSpecification","valueRequired":true,"valueName":"search_term_string"}}],"inLanguage":"de"},{"@type":"Organization","@id":"https:\/\/thehoneyofsweden.com\/de\/#organization","name":"The Honey Of Sweden","url":"https:\/\/thehoneyofsweden.com\/de\/","logo":{"@type":"ImageObject","inLanguage":"de","@id":"https:\/\/thehoneyofsweden.com\/de\/#\/schema\/logo\/image\/","url":"https:\/\/thehoneyofsweden.com\/wp-content\/uploads\/the-honey-of-sweden-logo-centered.png","contentUrl":"https:\/\/thehoneyofsweden.com\/wp-content\/uploads\/the-honey-of-sweden-logo-centered.png","width":950,"height":624,"caption":"The Honey Of Sweden"},"image":{"@id":"https:\/\/thehoneyofsweden.com\/de\/#\/schema\/logo\/image\/"},"sameAs":["https:\/\/www.instagram.com\/thehoneyofsweden\/"]}]}},"_links":{"self":[{"href":"https:\/\/thehoneyofsweden.com\/de\/wp-json\/wp\/v2\/pages\/182","targetHints":{"allow":["GET"]}}],"collection":[{"href":"https:\/\/thehoneyofsweden.com\/de\/wp-json\/wp\/v2\/pages"}],"about":[{"href":"https:\/\/thehoneyofsweden.com\/de\/wp-json\/wp\/v2\/types\/page"}],"author":[{"embeddable":true,"href":"https:\/\/thehoneyofsweden.com\/de\/wp-json\/wp\/v2\/users\/2"}],"replies":[{"embeddable":true,"href":"https:\/\/thehoneyofsweden.com\/de\/wp-json\/wp\/v2\/comments?post=182"}],"version-history":[{"count":343,"href":"https:\/\/thehoneyofsweden.com\/de\/wp-json\/wp\/v2\/pages\/182\/revisions"}],"predecessor-version":[{"id":4845,"href":"https:\/\/thehoneyofsweden.com\/de\/wp-json\/wp\/v2\/pages\/182\/revisions\/4845"}],"wp:attachment":[{"href":"https:\/\/thehoneyofsweden.com\/de\/wp-json\/wp\/v2\/media?parent=182"}],"curies":[{"name":"wp","href":"https:\/\/api.w.org\/{rel}","templated":true}]}}